{"id":33032,"date":"2025-07-15T10:44:11","date_gmt":"2025-07-15T08:44:11","guid":{"rendered":"https:\/\/locking.lander-desarrollo.es\/politique-en-matiere-de-cookies\/"},"modified":"2025-08-13T11:34:03","modified_gmt":"2025-08-13T09:34:03","slug":"politique-en-matiere-de-cookies","status":"publish","type":"page","link":"https:\/\/locking.es\/fr\/politique-en-matiere-de-cookies\/","title":{"rendered":"Politique en mati\u00e8re de Cookies"},"content":{"rendered":"\t\t<div data-elementor-type=\"wp-page\" data-elementor-id=\"33032\" class=\"elementor elementor-33032 elementor-28265\">\n\t\t\t\t<div class=\"elementor-element elementor-element-2a809543 e-flex e-con-boxed e-con e-parent\" data-id=\"2a809543\" data-element_type=\"container\" data-e-type=\"container\">\n\t\t\t\t\t<div class=\"e-con-inner\">\n\t\t\t\t<div class=\"elementor-element elementor-element-334d00c3 elementor-widget elementor-widget-text-editor\" data-id=\"334d00c3\" data-element_type=\"widget\" data-e-type=\"widget\" data-settings=\"{&quot;ekit_we_effect_on&quot;:&quot;none&quot;}\" data-widget_type=\"text-editor.default\">\n\t\t\t\t<div class=\"elementor-widget-container\">\n\t\t\t\t\t\t\t\t\t\n<h2 class=\"wp-block-heading\"><strong>Politique en mati\u00e8re de Cookies<\/strong><\/h2>\n\n<p><strong>Derni\u00e8re mise \u00e0 jour : 29 janvier 2025<\/strong><br>Cette politique s&rsquo;applique aux utilisateurs de l&rsquo;Espace \u00c9conomique Europ\u00e9en et de la Suisse.<\/p>\n\n<p><strong>1. Qu&rsquo;est-ce qu&rsquo;un cookie ?<\/strong><\/p>\n\n<p>Les cookies sont de petits fichiers texte qu&rsquo;un site web stocke sur votre navigateur lorsque vous le visitez. Ils permettent au site de fonctionner correctement, de m\u00e9moriser vos pr\u00e9f\u00e9rences, d&rsquo;analyser votre utilisation du site web et de vous offrir un contenu personnalis\u00e9, y compris de la publicit\u00e9. <\/p>\n\n<p><strong>2. Quels types de cookies utilisons-nous ?<\/strong><\/p>\n\n<p>Sur <strong>locking.es<\/strong>, nous utilisons les types de cookies suivants :<\/p>\n\n<p><strong>a) Cookies techniques ou fonctionnels (essentiels)<\/strong><\/p>\n\n<p>Ces cookies sont n\u00e9cessaires au bon fonctionnement du site web et pour que vous puissiez acc\u00e9der aux fonctions de base, telles que la sauvegarde de vos pr\u00e9f\u00e9rences ou le maintien de votre session ouverte. Ils ne requi\u00e8rent pas votre consentement. <\/p>\n\n<p><strong>b) Cookies d&rsquo;analyse ou statistiques<\/strong><\/p>\n\n<p>Ils nous permettent de savoir comment les utilisateurs interagissent avec notre site web afin d&rsquo;am\u00e9liorer ses performances, son accessibilit\u00e9 et ses fonctionnalit\u00e9s. Ils ne sont activ\u00e9s que si vous nous donnez votre consentement. <\/p>\n\n<p><strong>c) Cookies de marketing ou de personnalisation<\/strong><\/p>\n\n<p>Ces cookies sont utilis\u00e9s pour vous afficher un contenu publicitaire pertinent et adapt\u00e9 \u00e0 vos int\u00e9r\u00eats, \u00e0 l&rsquo;int\u00e9rieur et \u00e0 l&rsquo;ext\u00e9rieur de notre site web. Ils peuvent \u00e9galement nous aider \u00e0 mesurer l&rsquo;efficacit\u00e9 de nos campagnes. Ils sont utilis\u00e9s uniquement si vous donnez votre consentement.  <\/p>\n\n<p><strong>3. Quels cookies utilisons-nous ?<\/strong><\/p>\n\n<p>Vous trouverez ci-dessous les cookies que nous pouvons utiliser, selon le fournisseur :<\/p>\n\n<p> <\/p>\n\t\t\t\t\t\t\t\t<\/div>\n\t\t\t\t<\/div>\n\t\t\t\t<div class=\"elementor-element elementor-element-b3b6682 elementor-widget elementor-widget-html\" data-id=\"b3b6682\" data-element_type=\"widget\" data-e-type=\"widget\" data-settings=\"{&quot;ekit_we_effect_on&quot;:&quot;none&quot;}\" data-widget_type=\"html.default\">\n\t\t\t\t<div class=\"elementor-widget-container\">\n\t\t\t\t\t<div class=\"cky-audit-table-element\"><\/div>\t\t\t\t<\/div>\n\t\t\t\t<\/div>\n\t\t\t\t<div class=\"elementor-element elementor-element-417188c elementor-widget elementor-widget-text-editor\" data-id=\"417188c\" data-element_type=\"widget\" data-e-type=\"widget\" data-settings=\"{&quot;ekit_we_effect_on&quot;:&quot;none&quot;}\" data-widget_type=\"text-editor.default\">\n\t\t\t\t<div class=\"elementor-widget-container\">\n\t\t\t\t\t\t\t\t\t\n<p><strong>4. Comment g\u00e9rons-nous votre consentement ?<\/strong><\/p>\n\n<p>Lors de votre premi\u00e8re visite sur notre site web, vous verrez une banni\u00e8re de cookies qui vous permettra d&rsquo;accepter, de refuser ou de personnaliser vos param\u00e8tres. Nous n&rsquo;installerons des cookies statistiques ou de marketing que si vous y consentez. <\/p>\n\n<p>Vous pouvez modifier vos pr\u00e9f\u00e9rences \u00e0 tout moment \u00e0 partir du lien \u00ab\u00a0Param\u00e8tres des cookies\u00a0\u00bb situ\u00e9 en bas de page.<\/p>\n\n<p><strong>5. Comment pouvez-vous g\u00e9rer ou d\u00e9sactiver les cookies ?<\/strong><\/p>\n\n<p>Vous pouvez configurer votre navigateur pour autoriser, bloquer ou supprimer les cookies. Veuillez noter que si vous d\u00e9sactivez tous les cookies, certaines fonctions du site web peuvent ne pas \u00eatre disponibles ou ne pas fonctionner correctement. <\/p>\n\n<p>Consultez ici comment proc\u00e9der dans les navigateurs les plus courants :<\/p>\n\n<ul class=\"wp-block-list\">\n<li>Google Chrome<\/li>\n\n<li><a href=\"https:\/\/support.mozilla.org\/es\/kb\/habilitar-y-deshabilitar-cookies-sitios-web\">Mozilla Firefox<\/a><\/li>\n\n<li><a href=\"https:\/\/support.apple.com\/es-es\/guide\/safari\/sfri11471\/mac\">Safari<\/a><\/li>\n\n<li><a href=\"https:\/\/support.microsoft.com\/es-es\/help\/4027947\/microsoft-edge-delete-cookies\">Microsoft Edge<\/a><\/li>\n<\/ul>\n\n<p><strong>6. Vos droits concernant vos donn\u00e9es<\/strong><\/p>\n\n<p>Vous avez le droit de :<\/p>\n\n<ul class=\"wp-block-list\">\n<li>Savoir quelles donn\u00e9es personnelles sont collect\u00e9es et pourquoi.<\/li>\n\n<li>Acc\u00e9der \u00e0 vos donn\u00e9es personnelles.<\/li>\n\n<li>Rectifier des donn\u00e9es incorrectes ou incompl\u00e8tes.<\/li>\n\n<li>Demander l&rsquo;effacement de vos donn\u00e9es personnelles.<\/li>\n\n<li>Retirer votre consentement \u00e0 tout moment.<\/li>\n\n<li>Vous opposer au traitement de vos donn\u00e9es \u00e0 des fins de marketing.<\/li>\n<\/ul>\n\n<p>Pour exercer vos droits, vous pouvez nous \u00e9crire \u00e0 notre adresse e-mail.<\/p>\n\n<p><strong>7. Coordonn\u00e9es<\/strong><\/p>\n\n<p><strong>Responsable du traitement :<\/strong><br>Trisanio S.L.<br>Calle Hortaleza, 15 &#8211; 28004 Madrid (Espa\u00f1a)<br>Courrier \u00e9lectronique: info@locking.es<br>T\u00e9l\u00e9phone : +34 613 05 97 01<br>Site web : <a href=\"https:\/\/locking.es\/fr\/\">https:\/\/locking.es<\/a><\/p>\n\t\t\t\t\t\t\t\t<\/div>\n\t\t\t\t<\/div>\n\t\t\t\t\t<\/div>\n\t\t\t\t<\/div>\n\t\t\t\t<\/div>\n\t\t","protected":false},"excerpt":{"rendered":"<p>Politique en mati\u00e8re de Cookies Derni\u00e8re mise \u00e0 jour : 29 janvier 2025Cette politique s&rsquo;applique aux utilisateurs de l&rsquo;Espace \u00c9conomique Europ\u00e9en et de la Suisse. 1. Qu&rsquo;est-ce qu&rsquo;un cookie ? Les cookies sont de petits fichiers texte qu&rsquo;un site web stocke sur votre navigateur lorsque vous le visitez. Ils permettent au site de fonctionner correctement, [&hellip;]<\/p>\n","protected":false},"author":1,"featured_media":31151,"parent":0,"menu_order":0,"comment_status":"closed","ping_status":"closed","template":"","meta":{"footnotes":""},"class_list":["post-33032","page","type-page","status-publish","has-post-thumbnail","hentry"],"yoast_head":"<!-- This site is optimized with the Yoast SEO plugin v27.3 - https:\/\/yoast.com\/product\/yoast-seo-wordpress\/ -->\n<title>Rangez vos bagages ou valises dans des casiers ouverts 24h\/24<\/title>\n<meta name=\"description\" content=\"Locking, le service de consignes et de consignes \u00e0 bagages le mieux not\u00e9 sur Google, vous propose toutes les informations sur les cookies sur son site web. D\u00e9couvrez la consigne o\u00f9 d\u00e9poser vos valises ou bagages est s\u00fbr, simple et abordable. R\u00e9servez en ligne et profitez d&#039;une vid\u00e9osurveillance 24h\" \/>\n<meta name=\"robots\" content=\"index, follow, max-snippet:-1, max-image-preview:large, max-video-preview:-1\" \/>\n<link rel=\"canonical\" href=\"https:\/\/locking.es\/fr\/politique-en-matiere-de-cookies\/\" \/>\n<meta property=\"og:locale\" content=\"fr_FR\" \/>\n<meta property=\"og:type\" content=\"article\" \/>\n<meta property=\"og:title\" content=\"Rangez vos bagages ou valises dans des casiers ouverts 24h\/24\" \/>\n<meta property=\"og:description\" content=\"Locking, le service de consignes et de consignes \u00e0 bagages le mieux not\u00e9 sur Google, vous propose toutes les informations sur les cookies sur son site web. D\u00e9couvrez la consigne o\u00f9 d\u00e9poser vos valises ou bagages est s\u00fbr, simple et abordable. R\u00e9servez en ligne et profitez d&#039;une vid\u00e9osurveillance 24h\" \/>\n<meta property=\"og:url\" content=\"https:\/\/locking.es\/fr\/politique-en-matiere-de-cookies\/\" \/>\n<meta property=\"og:site_name\" content=\"Consignas autom\u00e1ticas Maletas y Equipaje Locking\" \/>\n<meta property=\"article:modified_time\" content=\"2025-08-13T09:34:03+00:00\" \/>\n<meta property=\"og:image\" content=\"https:\/\/locking.es\/wp-content\/uploads\/2025\/07\/bg_contacto_v2.jpg\" \/>\n\t<meta property=\"og:image:width\" content=\"1600\" \/>\n\t<meta property=\"og:image:height\" content=\"720\" \/>\n\t<meta property=\"og:image:type\" content=\"image\/jpeg\" \/>\n<meta name=\"twitter:card\" content=\"summary_large_image\" \/>\n<meta name=\"twitter:label1\" content=\"Dur\u00e9e de lecture estim\u00e9e\" \/>\n\t<meta name=\"twitter:data1\" content=\"3 minutes\" \/>\n<script type=\"application\/ld+json\" class=\"yoast-schema-graph\">{\"@context\":\"https:\\\/\\\/schema.org\",\"@graph\":[{\"@type\":\"WebPage\",\"@id\":\"https:\\\/\\\/locking.es\\\/fr\\\/politique-en-matiere-de-cookies\\\/\",\"url\":\"https:\\\/\\\/locking.es\\\/fr\\\/politique-en-matiere-de-cookies\\\/\",\"name\":\"Rangez vos bagages ou valises dans des casiers ouverts 24h\\\/24\",\"isPartOf\":{\"@id\":\"https:\\\/\\\/locking.es\\\/fr\\\/#website\"},\"primaryImageOfPage\":{\"@id\":\"https:\\\/\\\/locking.es\\\/fr\\\/politique-en-matiere-de-cookies\\\/#primaryimage\"},\"image\":{\"@id\":\"https:\\\/\\\/locking.es\\\/fr\\\/politique-en-matiere-de-cookies\\\/#primaryimage\"},\"thumbnailUrl\":\"https:\\\/\\\/locking.es\\\/wp-content\\\/uploads\\\/2025\\\/07\\\/bg_contacto_v2.jpg\",\"datePublished\":\"2025-07-15T08:44:11+00:00\",\"dateModified\":\"2025-08-13T09:34:03+00:00\",\"description\":\"Locking, le service de consignes et de consignes \u00e0 bagages le mieux not\u00e9 sur Google, vous propose toutes les informations sur les cookies sur son site web. D\u00e9couvrez la consigne o\u00f9 d\u00e9poser vos valises ou bagages est s\u00fbr, simple et abordable. R\u00e9servez en ligne et profitez d'une vid\u00e9osurveillance 24h\",\"breadcrumb\":{\"@id\":\"https:\\\/\\\/locking.es\\\/fr\\\/politique-en-matiere-de-cookies\\\/#breadcrumb\"},\"inLanguage\":\"fr-FR\",\"potentialAction\":[{\"@type\":\"ReadAction\",\"target\":[\"https:\\\/\\\/locking.es\\\/fr\\\/politique-en-matiere-de-cookies\\\/\"]}]},{\"@type\":\"ImageObject\",\"inLanguage\":\"fr-FR\",\"@id\":\"https:\\\/\\\/locking.es\\\/fr\\\/politique-en-matiere-de-cookies\\\/#primaryimage\",\"url\":\"https:\\\/\\\/locking.es\\\/wp-content\\\/uploads\\\/2025\\\/07\\\/bg_contacto_v2.jpg\",\"contentUrl\":\"https:\\\/\\\/locking.es\\\/wp-content\\\/uploads\\\/2025\\\/07\\\/bg_contacto_v2.jpg\",\"width\":1600,\"height\":720},{\"@type\":\"BreadcrumbList\",\"@id\":\"https:\\\/\\\/locking.es\\\/fr\\\/politique-en-matiere-de-cookies\\\/#breadcrumb\",\"itemListElement\":[{\"@type\":\"ListItem\",\"position\":1,\"name\":\"Portada\",\"item\":\"https:\\\/\\\/locking.es\\\/fr\\\/\"},{\"@type\":\"ListItem\",\"position\":2,\"name\":\"Politique en mati\u00e8re de Cookies\"}]},{\"@type\":\"WebSite\",\"@id\":\"https:\\\/\\\/locking.es\\\/fr\\\/#website\",\"url\":\"https:\\\/\\\/locking.es\\\/fr\\\/\",\"name\":\"Consignas autom\u00e1ticas Maletas y Equipaje Locking\",\"description\":\"\",\"publisher\":{\"@id\":\"https:\\\/\\\/locking.es\\\/fr\\\/#organization\"},\"potentialAction\":[{\"@type\":\"SearchAction\",\"target\":{\"@type\":\"EntryPoint\",\"urlTemplate\":\"https:\\\/\\\/locking.es\\\/fr\\\/?s={search_term_string}\"},\"query-input\":{\"@type\":\"PropertyValueSpecification\",\"valueRequired\":true,\"valueName\":\"search_term_string\"}}],\"inLanguage\":\"fr-FR\"},{\"@type\":\"Organization\",\"@id\":\"https:\\\/\\\/locking.es\\\/fr\\\/#organization\",\"name\":\"Consignas autom\u00e1ticas Maletas y Equipaje Locking\",\"url\":\"https:\\\/\\\/locking.es\\\/fr\\\/\",\"logo\":{\"@type\":\"ImageObject\",\"inLanguage\":\"fr-FR\",\"@id\":\"https:\\\/\\\/locking.es\\\/fr\\\/#\\\/schema\\\/logo\\\/image\\\/\",\"url\":\"https:\\\/\\\/locking.es\\\/wp-content\\\/uploads\\\/2024\\\/09\\\/logo.png\",\"contentUrl\":\"https:\\\/\\\/locking.es\\\/wp-content\\\/uploads\\\/2024\\\/09\\\/logo.png\",\"width\":239,\"height\":91,\"caption\":\"Consignas autom\u00e1ticas Maletas y Equipaje Locking\"},\"image\":{\"@id\":\"https:\\\/\\\/locking.es\\\/fr\\\/#\\\/schema\\\/logo\\\/image\\\/\"}}]}<\/script>\n<!-- \/ Yoast SEO plugin. -->","yoast_head_json":{"title":"Rangez vos bagages ou valises dans des casiers ouverts 24h\/24","description":"Locking, le service de consignes et de consignes \u00e0 bagages le mieux not\u00e9 sur Google, vous propose toutes les informations sur les cookies sur son site web. D\u00e9couvrez la consigne o\u00f9 d\u00e9poser vos valises ou bagages est s\u00fbr, simple et abordable. R\u00e9servez en ligne et profitez d'une vid\u00e9osurveillance 24h","robots":{"index":"index","follow":"follow","max-snippet":"max-snippet:-1","max-image-preview":"max-image-preview:large","max-video-preview":"max-video-preview:-1"},"canonical":"https:\/\/locking.es\/fr\/politique-en-matiere-de-cookies\/","og_locale":"fr_FR","og_type":"article","og_title":"Rangez vos bagages ou valises dans des casiers ouverts 24h\/24","og_description":"Locking, le service de consignes et de consignes \u00e0 bagages le mieux not\u00e9 sur Google, vous propose toutes les informations sur les cookies sur son site web. D\u00e9couvrez la consigne o\u00f9 d\u00e9poser vos valises ou bagages est s\u00fbr, simple et abordable. R\u00e9servez en ligne et profitez d'une vid\u00e9osurveillance 24h","og_url":"https:\/\/locking.es\/fr\/politique-en-matiere-de-cookies\/","og_site_name":"Consignas autom\u00e1ticas Maletas y Equipaje Locking","article_modified_time":"2025-08-13T09:34:03+00:00","og_image":[{"width":1600,"height":720,"url":"https:\/\/locking.es\/wp-content\/uploads\/2025\/07\/bg_contacto_v2.jpg","type":"image\/jpeg"}],"twitter_card":"summary_large_image","twitter_misc":{"Dur\u00e9e de lecture estim\u00e9e":"3 minutes"},"schema":{"@context":"https:\/\/schema.org","@graph":[{"@type":"WebPage","@id":"https:\/\/locking.es\/fr\/politique-en-matiere-de-cookies\/","url":"https:\/\/locking.es\/fr\/politique-en-matiere-de-cookies\/","name":"Rangez vos bagages ou valises dans des casiers ouverts 24h\/24","isPartOf":{"@id":"https:\/\/locking.es\/fr\/#website"},"primaryImageOfPage":{"@id":"https:\/\/locking.es\/fr\/politique-en-matiere-de-cookies\/#primaryimage"},"image":{"@id":"https:\/\/locking.es\/fr\/politique-en-matiere-de-cookies\/#primaryimage"},"thumbnailUrl":"https:\/\/locking.es\/wp-content\/uploads\/2025\/07\/bg_contacto_v2.jpg","datePublished":"2025-07-15T08:44:11+00:00","dateModified":"2025-08-13T09:34:03+00:00","description":"Locking, le service de consignes et de consignes \u00e0 bagages le mieux not\u00e9 sur Google, vous propose toutes les informations sur les cookies sur son site web. D\u00e9couvrez la consigne o\u00f9 d\u00e9poser vos valises ou bagages est s\u00fbr, simple et abordable. R\u00e9servez en ligne et profitez d'une vid\u00e9osurveillance 24h","breadcrumb":{"@id":"https:\/\/locking.es\/fr\/politique-en-matiere-de-cookies\/#breadcrumb"},"inLanguage":"fr-FR","potentialAction":[{"@type":"ReadAction","target":["https:\/\/locking.es\/fr\/politique-en-matiere-de-cookies\/"]}]},{"@type":"ImageObject","inLanguage":"fr-FR","@id":"https:\/\/locking.es\/fr\/politique-en-matiere-de-cookies\/#primaryimage","url":"https:\/\/locking.es\/wp-content\/uploads\/2025\/07\/bg_contacto_v2.jpg","contentUrl":"https:\/\/locking.es\/wp-content\/uploads\/2025\/07\/bg_contacto_v2.jpg","width":1600,"height":720},{"@type":"BreadcrumbList","@id":"https:\/\/locking.es\/fr\/politique-en-matiere-de-cookies\/#breadcrumb","itemListElement":[{"@type":"ListItem","position":1,"name":"Portada","item":"https:\/\/locking.es\/fr\/"},{"@type":"ListItem","position":2,"name":"Politique en mati\u00e8re de Cookies"}]},{"@type":"WebSite","@id":"https:\/\/locking.es\/fr\/#website","url":"https:\/\/locking.es\/fr\/","name":"Consignas autom\u00e1ticas Maletas y Equipaje Locking","description":"","publisher":{"@id":"https:\/\/locking.es\/fr\/#organization"},"potentialAction":[{"@type":"SearchAction","target":{"@type":"EntryPoint","urlTemplate":"https:\/\/locking.es\/fr\/?s={search_term_string}"},"query-input":{"@type":"PropertyValueSpecification","valueRequired":true,"valueName":"search_term_string"}}],"inLanguage":"fr-FR"},{"@type":"Organization","@id":"https:\/\/locking.es\/fr\/#organization","name":"Consignas autom\u00e1ticas Maletas y Equipaje Locking","url":"https:\/\/locking.es\/fr\/","logo":{"@type":"ImageObject","inLanguage":"fr-FR","@id":"https:\/\/locking.es\/fr\/#\/schema\/logo\/image\/","url":"https:\/\/locking.es\/wp-content\/uploads\/2024\/09\/logo.png","contentUrl":"https:\/\/locking.es\/wp-content\/uploads\/2024\/09\/logo.png","width":239,"height":91,"caption":"Consignas autom\u00e1ticas Maletas y Equipaje Locking"},"image":{"@id":"https:\/\/locking.es\/fr\/#\/schema\/logo\/image\/"}}]}},"_links":{"self":[{"href":"https:\/\/locking.es\/fr\/wp-json\/wp\/v2\/pages\/33032","targetHints":{"allow":["GET"]}}],"collection":[{"href":"https:\/\/locking.es\/fr\/wp-json\/wp\/v2\/pages"}],"about":[{"href":"https:\/\/locking.es\/fr\/wp-json\/wp\/v2\/types\/page"}],"author":[{"embeddable":true,"href":"https:\/\/locking.es\/fr\/wp-json\/wp\/v2\/users\/1"}],"replies":[{"embeddable":true,"href":"https:\/\/locking.es\/fr\/wp-json\/wp\/v2\/comments?post=33032"}],"version-history":[{"count":2,"href":"https:\/\/locking.es\/fr\/wp-json\/wp\/v2\/pages\/33032\/revisions"}],"predecessor-version":[{"id":33646,"href":"https:\/\/locking.es\/fr\/wp-json\/wp\/v2\/pages\/33032\/revisions\/33646"}],"wp:featuredmedia":[{"embeddable":true,"href":"https:\/\/locking.es\/fr\/wp-json\/wp\/v2\/media\/31151"}],"wp:attachment":[{"href":"https:\/\/locking.es\/fr\/wp-json\/wp\/v2\/media?parent=33032"}],"curies":[{"name":"wp","href":"https:\/\/api.w.org\/{rel}","templated":true}]}}