{"id":33034,"date":"2025-07-04T12:01:45","date_gmt":"2025-07-04T10:01:45","guid":{"rendered":"https:\/\/locking.lander-desarrollo.es\/politique-de-confidentialite\/"},"modified":"2025-08-11T13:48:56","modified_gmt":"2025-08-11T11:48:56","slug":"politique-de-confidentialite","status":"publish","type":"page","link":"https:\/\/locking.es\/fr\/politique-de-confidentialite\/","title":{"rendered":"Politique de Confidentialit\u00e9"},"content":{"rendered":"\n<h2 class=\"wp-block-heading\">Politique de Confidentialit\u00e9<\/h2>\n\n<h3 class=\"wp-block-heading\">PROTECTION DES DONN\u00c9ES<\/h3>\n\n<p>Conform\u00e9ment \u00e0 la Loi Organique 3\/2018 du 5 d\u00e9cembre, sur la Protection des Donn\u00e9es Personnelles et la garantie des droits num\u00e9riques (la \u00ab LOPD \u00bb), nous vous informons que Trisanio S.L., avec NIF B56259542, sera le responsable du traitement des donn\u00e9es personnelles que vous fournirez dans le cadre du pr\u00e9sent Contrat.<br\/>Les donn\u00e9es personnelles trait\u00e9es seront conserv\u00e9es tant que la pr\u00e9sente relation contractuelle entre Trisanio S.L. et l&rsquo;Utilisateur sera maintenue, et par la suite elles seront conserv\u00e9es, sous forme bloqu\u00e9e, le temps n\u00e9cessaire pour se conformer \u00e0 toutes les obligations l\u00e9gales applicables.<br\/>La base juridique pour effectuer le traitement des donn\u00e9es susmentionn\u00e9 est l&rsquo;ex\u00e9cution et la gestion du pr\u00e9sent contrat.<br\/>Le nom, le pr\u00e9nom, le num\u00e9ro de t\u00e9l\u00e9phone et l&rsquo;adresse e-mail fournis par l&rsquo;Utilisateur seront c\u00e9d\u00e9s \u00e0 Drop Point Systems S.L.U. pour la gestion de la r\u00e9servation.<br\/>Si vos donn\u00e9es personnelles devaient \u00e9galement \u00eatre communiqu\u00e9es \u00e0 des fournisseurs tiers, Trisanio S.L. signera le contrat de traitement de donn\u00e9es correspondant avec ces fournisseurs, afin de garantir que vos donn\u00e9es personnelles sont trait\u00e9es par ces tiers conform\u00e9ment aux exigences et garanties de la LOPD.<br\/>Par ailleurs, l&rsquo;Utilisateur est inform\u00e9 que les donn\u00e9es trait\u00e9es via la vid\u00e9osurveillance seront utilis\u00e9es aux fins ayant motiv\u00e9 son installation, lesquelles sont li\u00e9es \u00e0 la garantie de la s\u00e9curit\u00e9 des personnes, des biens et des installations.<br\/>Les enregistrements susmentionn\u00e9s seront incorpor\u00e9s dans des fichiers appartenant \u00e0 Trisanio S.L. ou \u00e0 des tiers autoris\u00e9s \u00e0 des fins de s\u00e9curit\u00e9 et pendant la dur\u00e9e l\u00e9galement \u00e9tablie. Ils ne seront c\u00e9d\u00e9s aux autorit\u00e9s comp\u00e9tentes (Juges, Tribunaux ou Forces et Corps de S\u00e9curit\u00e9) qu&rsquo;en cas de r\u00e9quisition ou pour la d\u00e9fense des droits de Trisanio S.L. ou des Utilisateurs.<br\/>L&rsquo;Utilisateur pourra exercer les droits suivants li\u00e9s \u00e0 ses donn\u00e9es personnelles : Acc\u00e8s ; Rectification ; Suppression ; Limitation du traitement ; Portabilit\u00e9 des donn\u00e9es et Opposition.<br\/>Pour l&rsquo;exercice de ces droits, vous pouvez envoyer une communication \u00e9crite \u00e0 Trisanio S.L., Calle Eugenia de Montijo, 76, ou \u00e0 l&rsquo;adresse e-mail suivante : admin@locking.es.<br\/>L&rsquo;Utilisateur a le droit de d\u00e9poser une r\u00e9clamation aupr\u00e8s de l&rsquo;Agence Espagnole de Protection des Donn\u00e9es s&rsquo;il l&rsquo;estime opportun.<\/p>\n\n<h3 class=\"wp-block-heading\">JURIDICTION ET LOI APPLICABLE<\/h3>\n\n<p>Dans l&rsquo;\u00e9ventualit\u00e9 o\u00f9 surviendrait un conflit ou une divergence dans l&rsquo;interpr\u00e9tation ou l&rsquo;application des pr\u00e9sentes conditions contractuelles, les Tribunaux qui, le cas \u00e9ch\u00e9ant, conna\u00eetront de l&rsquo;affaire, seront ceux d\u00e9sign\u00e9s par la r\u00e9glementation l\u00e9gale applicable en mati\u00e8re de juridiction comp\u00e9tente. S&rsquo;agissant de consommateurs finaux, cela concerne le lieu d&rsquo;ex\u00e9cution de l&rsquo;obligation ou celui du domicile de la partie acheteuse.<br\/>Tout cela sans pr\u00e9judice de la facult\u00e9 du Client de recourir \u00e0 la Commission d&rsquo;Arbitrage des Consommateurs de sa circonscription.<br\/>Dans le cas d&rsquo;une vente r\u00e9alis\u00e9e par une entreprise, les deux parties se soumettent \u00e0 la loi espagnole et, renon\u00e7ant express\u00e9ment \u00e0 tout autre for, aux Tribunaux de Madrid (Espagne).<\/p>\n\n<p><\/p>\n","protected":false},"excerpt":{"rendered":"<p>Politique de Confidentialit\u00e9 PROTECTION DES DONN\u00c9ES Conform\u00e9ment \u00e0 la Loi Organique 3\/2018 du 5 d\u00e9cembre, sur la Protection des Donn\u00e9es Personnelles et la garantie des droits num\u00e9riques (la \u00ab LOPD \u00bb), nous vous informons que Trisanio S.L., avec NIF B56259542, sera le responsable du traitement des donn\u00e9es personnelles que vous fournirez dans le cadre du [&hellip;]<\/p>\n","protected":false},"author":1,"featured_media":31151,"parent":0,"menu_order":0,"comment_status":"closed","ping_status":"open","template":"","meta":{"footnotes":""},"class_list":["post-33034","page","type-page","status-publish","has-post-thumbnail","hentry"],"yoast_head":"<!-- This site is optimized with the Yoast SEO plugin v27.3 - https:\/\/yoast.com\/product\/yoast-seo-wordpress\/ -->\n<title>Lockers \u00e0 Madrid et Saint-S\u00e9bastien - Politique de confidentialit\u00e9<\/title>\n<meta name=\"description\" content=\"Locking est la marque d\u00e9pos\u00e9e de Trisanio S.L., qui propose la solution id\u00e9ale de consignes automatiques pour le stockage de valises et de bagages \u00e0 Madrid ou Saint-S\u00e9bastien, avec le meilleur score Google et une confidentialit\u00e9 garantie pour ses clients. B56259542 et e-mail\u00a0: info@locking.es\" \/>\n<meta name=\"robots\" content=\"index, follow, max-snippet:-1, max-image-preview:large, max-video-preview:-1\" \/>\n<link rel=\"canonical\" href=\"https:\/\/locking.es\/fr\/politique-de-confidentialite\/\" \/>\n<meta property=\"og:locale\" content=\"fr_FR\" \/>\n<meta property=\"og:type\" content=\"article\" \/>\n<meta property=\"og:title\" content=\"Lockers \u00e0 Madrid et Saint-S\u00e9bastien - Politique de confidentialit\u00e9\" \/>\n<meta property=\"og:description\" content=\"Locking est la marque d\u00e9pos\u00e9e de Trisanio S.L., qui propose la solution id\u00e9ale de consignes automatiques pour le stockage de valises et de bagages \u00e0 Madrid ou Saint-S\u00e9bastien, avec le meilleur score Google et une confidentialit\u00e9 garantie pour ses clients. B56259542 et e-mail\u00a0: info@locking.es\" \/>\n<meta property=\"og:url\" content=\"https:\/\/locking.es\/fr\/politique-de-confidentialite\/\" \/>\n<meta property=\"og:site_name\" content=\"Consignas autom\u00e1ticas Maletas y Equipaje Locking\" \/>\n<meta property=\"article:modified_time\" content=\"2025-08-11T11:48:56+00:00\" \/>\n<meta property=\"og:image\" content=\"https:\/\/locking.es\/wp-content\/uploads\/2025\/07\/bg_contacto_v2.jpg\" \/>\n\t<meta property=\"og:image:width\" content=\"1600\" \/>\n\t<meta property=\"og:image:height\" content=\"720\" \/>\n\t<meta property=\"og:image:type\" content=\"image\/jpeg\" \/>\n<meta name=\"twitter:card\" content=\"summary_large_image\" \/>\n<meta name=\"twitter:label1\" content=\"Dur\u00e9e de lecture estim\u00e9e\" \/>\n\t<meta name=\"twitter:data1\" content=\"3 minutes\" \/>\n<script type=\"application\/ld+json\" class=\"yoast-schema-graph\">{\"@context\":\"https:\\\/\\\/schema.org\",\"@graph\":[{\"@type\":\"WebPage\",\"@id\":\"https:\\\/\\\/locking.es\\\/fr\\\/politique-de-confidentialite\\\/\",\"url\":\"https:\\\/\\\/locking.es\\\/fr\\\/politique-de-confidentialite\\\/\",\"name\":\"Lockers \u00e0 Madrid et Saint-S\u00e9bastien - Politique de confidentialit\u00e9\",\"isPartOf\":{\"@id\":\"https:\\\/\\\/locking.es\\\/fr\\\/#website\"},\"primaryImageOfPage\":{\"@id\":\"https:\\\/\\\/locking.es\\\/fr\\\/politique-de-confidentialite\\\/#primaryimage\"},\"image\":{\"@id\":\"https:\\\/\\\/locking.es\\\/fr\\\/politique-de-confidentialite\\\/#primaryimage\"},\"thumbnailUrl\":\"https:\\\/\\\/locking.es\\\/wp-content\\\/uploads\\\/2025\\\/07\\\/bg_contacto_v2.jpg\",\"datePublished\":\"2025-07-04T10:01:45+00:00\",\"dateModified\":\"2025-08-11T11:48:56+00:00\",\"description\":\"Locking est la marque d\u00e9pos\u00e9e de Trisanio S.L., qui propose la solution id\u00e9ale de consignes automatiques pour le stockage de valises et de bagages \u00e0 Madrid ou Saint-S\u00e9bastien, avec le meilleur score Google et une confidentialit\u00e9 garantie pour ses clients. B56259542 et e-mail\u00a0: info@locking.es\",\"breadcrumb\":{\"@id\":\"https:\\\/\\\/locking.es\\\/fr\\\/politique-de-confidentialite\\\/#breadcrumb\"},\"inLanguage\":\"fr-FR\",\"potentialAction\":[{\"@type\":\"ReadAction\",\"target\":[\"https:\\\/\\\/locking.es\\\/fr\\\/politique-de-confidentialite\\\/\"]}]},{\"@type\":\"ImageObject\",\"inLanguage\":\"fr-FR\",\"@id\":\"https:\\\/\\\/locking.es\\\/fr\\\/politique-de-confidentialite\\\/#primaryimage\",\"url\":\"https:\\\/\\\/locking.es\\\/wp-content\\\/uploads\\\/2025\\\/07\\\/bg_contacto_v2.jpg\",\"contentUrl\":\"https:\\\/\\\/locking.es\\\/wp-content\\\/uploads\\\/2025\\\/07\\\/bg_contacto_v2.jpg\",\"width\":1600,\"height\":720},{\"@type\":\"BreadcrumbList\",\"@id\":\"https:\\\/\\\/locking.es\\\/fr\\\/politique-de-confidentialite\\\/#breadcrumb\",\"itemListElement\":[{\"@type\":\"ListItem\",\"position\":1,\"name\":\"Portada\",\"item\":\"https:\\\/\\\/locking.es\\\/fr\\\/\"},{\"@type\":\"ListItem\",\"position\":2,\"name\":\"Politique de Confidentialit\u00e9\"}]},{\"@type\":\"WebSite\",\"@id\":\"https:\\\/\\\/locking.es\\\/fr\\\/#website\",\"url\":\"https:\\\/\\\/locking.es\\\/fr\\\/\",\"name\":\"Consignas autom\u00e1ticas Maletas y Equipaje Locking\",\"description\":\"\",\"publisher\":{\"@id\":\"https:\\\/\\\/locking.es\\\/fr\\\/#organization\"},\"potentialAction\":[{\"@type\":\"SearchAction\",\"target\":{\"@type\":\"EntryPoint\",\"urlTemplate\":\"https:\\\/\\\/locking.es\\\/fr\\\/?s={search_term_string}\"},\"query-input\":{\"@type\":\"PropertyValueSpecification\",\"valueRequired\":true,\"valueName\":\"search_term_string\"}}],\"inLanguage\":\"fr-FR\"},{\"@type\":\"Organization\",\"@id\":\"https:\\\/\\\/locking.es\\\/fr\\\/#organization\",\"name\":\"Consignas autom\u00e1ticas Maletas y Equipaje Locking\",\"url\":\"https:\\\/\\\/locking.es\\\/fr\\\/\",\"logo\":{\"@type\":\"ImageObject\",\"inLanguage\":\"fr-FR\",\"@id\":\"https:\\\/\\\/locking.es\\\/fr\\\/#\\\/schema\\\/logo\\\/image\\\/\",\"url\":\"https:\\\/\\\/locking.es\\\/wp-content\\\/uploads\\\/2024\\\/09\\\/logo.png\",\"contentUrl\":\"https:\\\/\\\/locking.es\\\/wp-content\\\/uploads\\\/2024\\\/09\\\/logo.png\",\"width\":239,\"height\":91,\"caption\":\"Consignas autom\u00e1ticas Maletas y Equipaje Locking\"},\"image\":{\"@id\":\"https:\\\/\\\/locking.es\\\/fr\\\/#\\\/schema\\\/logo\\\/image\\\/\"}}]}<\/script>\n<!-- \/ Yoast SEO plugin. -->","yoast_head_json":{"title":"Lockers \u00e0 Madrid et Saint-S\u00e9bastien - Politique de confidentialit\u00e9","description":"Locking est la marque d\u00e9pos\u00e9e de Trisanio S.L., qui propose la solution id\u00e9ale de consignes automatiques pour le stockage de valises et de bagages \u00e0 Madrid ou Saint-S\u00e9bastien, avec le meilleur score Google et une confidentialit\u00e9 garantie pour ses clients. B56259542 et e-mail\u00a0: info@locking.es","robots":{"index":"index","follow":"follow","max-snippet":"max-snippet:-1","max-image-preview":"max-image-preview:large","max-video-preview":"max-video-preview:-1"},"canonical":"https:\/\/locking.es\/fr\/politique-de-confidentialite\/","og_locale":"fr_FR","og_type":"article","og_title":"Lockers \u00e0 Madrid et Saint-S\u00e9bastien - Politique de confidentialit\u00e9","og_description":"Locking est la marque d\u00e9pos\u00e9e de Trisanio S.L., qui propose la solution id\u00e9ale de consignes automatiques pour le stockage de valises et de bagages \u00e0 Madrid ou Saint-S\u00e9bastien, avec le meilleur score Google et une confidentialit\u00e9 garantie pour ses clients. B56259542 et e-mail\u00a0: info@locking.es","og_url":"https:\/\/locking.es\/fr\/politique-de-confidentialite\/","og_site_name":"Consignas autom\u00e1ticas Maletas y Equipaje Locking","article_modified_time":"2025-08-11T11:48:56+00:00","og_image":[{"width":1600,"height":720,"url":"https:\/\/locking.es\/wp-content\/uploads\/2025\/07\/bg_contacto_v2.jpg","type":"image\/jpeg"}],"twitter_card":"summary_large_image","twitter_misc":{"Dur\u00e9e de lecture estim\u00e9e":"3 minutes"},"schema":{"@context":"https:\/\/schema.org","@graph":[{"@type":"WebPage","@id":"https:\/\/locking.es\/fr\/politique-de-confidentialite\/","url":"https:\/\/locking.es\/fr\/politique-de-confidentialite\/","name":"Lockers \u00e0 Madrid et Saint-S\u00e9bastien - Politique de confidentialit\u00e9","isPartOf":{"@id":"https:\/\/locking.es\/fr\/#website"},"primaryImageOfPage":{"@id":"https:\/\/locking.es\/fr\/politique-de-confidentialite\/#primaryimage"},"image":{"@id":"https:\/\/locking.es\/fr\/politique-de-confidentialite\/#primaryimage"},"thumbnailUrl":"https:\/\/locking.es\/wp-content\/uploads\/2025\/07\/bg_contacto_v2.jpg","datePublished":"2025-07-04T10:01:45+00:00","dateModified":"2025-08-11T11:48:56+00:00","description":"Locking est la marque d\u00e9pos\u00e9e de Trisanio S.L., qui propose la solution id\u00e9ale de consignes automatiques pour le stockage de valises et de bagages \u00e0 Madrid ou Saint-S\u00e9bastien, avec le meilleur score Google et une confidentialit\u00e9 garantie pour ses clients. B56259542 et e-mail\u00a0: info@locking.es","breadcrumb":{"@id":"https:\/\/locking.es\/fr\/politique-de-confidentialite\/#breadcrumb"},"inLanguage":"fr-FR","potentialAction":[{"@type":"ReadAction","target":["https:\/\/locking.es\/fr\/politique-de-confidentialite\/"]}]},{"@type":"ImageObject","inLanguage":"fr-FR","@id":"https:\/\/locking.es\/fr\/politique-de-confidentialite\/#primaryimage","url":"https:\/\/locking.es\/wp-content\/uploads\/2025\/07\/bg_contacto_v2.jpg","contentUrl":"https:\/\/locking.es\/wp-content\/uploads\/2025\/07\/bg_contacto_v2.jpg","width":1600,"height":720},{"@type":"BreadcrumbList","@id":"https:\/\/locking.es\/fr\/politique-de-confidentialite\/#breadcrumb","itemListElement":[{"@type":"ListItem","position":1,"name":"Portada","item":"https:\/\/locking.es\/fr\/"},{"@type":"ListItem","position":2,"name":"Politique de Confidentialit\u00e9"}]},{"@type":"WebSite","@id":"https:\/\/locking.es\/fr\/#website","url":"https:\/\/locking.es\/fr\/","name":"Consignas autom\u00e1ticas Maletas y Equipaje Locking","description":"","publisher":{"@id":"https:\/\/locking.es\/fr\/#organization"},"potentialAction":[{"@type":"SearchAction","target":{"@type":"EntryPoint","urlTemplate":"https:\/\/locking.es\/fr\/?s={search_term_string}"},"query-input":{"@type":"PropertyValueSpecification","valueRequired":true,"valueName":"search_term_string"}}],"inLanguage":"fr-FR"},{"@type":"Organization","@id":"https:\/\/locking.es\/fr\/#organization","name":"Consignas autom\u00e1ticas Maletas y Equipaje Locking","url":"https:\/\/locking.es\/fr\/","logo":{"@type":"ImageObject","inLanguage":"fr-FR","@id":"https:\/\/locking.es\/fr\/#\/schema\/logo\/image\/","url":"https:\/\/locking.es\/wp-content\/uploads\/2024\/09\/logo.png","contentUrl":"https:\/\/locking.es\/wp-content\/uploads\/2024\/09\/logo.png","width":239,"height":91,"caption":"Consignas autom\u00e1ticas Maletas y Equipaje Locking"},"image":{"@id":"https:\/\/locking.es\/fr\/#\/schema\/logo\/image\/"}}]}},"_links":{"self":[{"href":"https:\/\/locking.es\/fr\/wp-json\/wp\/v2\/pages\/33034","targetHints":{"allow":["GET"]}}],"collection":[{"href":"https:\/\/locking.es\/fr\/wp-json\/wp\/v2\/pages"}],"about":[{"href":"https:\/\/locking.es\/fr\/wp-json\/wp\/v2\/types\/page"}],"author":[{"embeddable":true,"href":"https:\/\/locking.es\/fr\/wp-json\/wp\/v2\/users\/1"}],"replies":[{"embeddable":true,"href":"https:\/\/locking.es\/fr\/wp-json\/wp\/v2\/comments?post=33034"}],"version-history":[{"count":1,"href":"https:\/\/locking.es\/fr\/wp-json\/wp\/v2\/pages\/33034\/revisions"}],"predecessor-version":[{"id":33035,"href":"https:\/\/locking.es\/fr\/wp-json\/wp\/v2\/pages\/33034\/revisions\/33035"}],"wp:featuredmedia":[{"embeddable":true,"href":"https:\/\/locking.es\/fr\/wp-json\/wp\/v2\/media\/31151"}],"wp:attachment":[{"href":"https:\/\/locking.es\/fr\/wp-json\/wp\/v2\/media?parent=33034"}],"curies":[{"name":"wp","href":"https:\/\/api.w.org\/{rel}","templated":true}]}}