{"id":33054,"date":"2025-07-15T09:33:55","date_gmt":"2025-07-15T07:33:55","guid":{"rendered":"https:\/\/locking.lander-desarrollo.es\/avviso-legale\/"},"modified":"2025-08-11T13:53:48","modified_gmt":"2025-08-11T11:53:48","slug":"avviso-legale","status":"publish","type":"page","link":"https:\/\/locking.es\/it\/avviso-legale\/","title":{"rendered":"Avviso Legale"},"content":{"rendered":"\n<h2 class=\"wp-block-heading\">Avviso Legale<\/h2>\n\n<h3 class=\"wp-block-heading\">LEGGE SUI SERVIZI DELLA SOCIET\u00c0 DELL\u2019INFORMAZIONE (LSSI)<\/h3>\n\n<p>Trisanio S.L., responsabile del sito web (di seguito, il RESPONSABILE), mette a disposizione degli utenti il presente documento con l\u2019obiettivo di adempiere agli obblighi previsti dalla Legge 34\/2002 dell\u201911 luglio, sui Servizi della Societ\u00e0 dell\u2019Informazione e del Commercio Elettronico (LSSICE), nonch\u00e9 di informare tutti gli utenti del sito web riguardo alle condizioni di utilizzo.<br\/>Ogni persona che accede a questo sito web assume il ruolo di utente, impegnandosi a rispettare e a osservare rigorosamente le disposizioni qui contenute, cos\u00ec come qualsiasi altra disposizione legale che sia applicabile.<br\/><br\/>Trisanio S.L. si riserva il diritto di modificare qualsiasi tipo di informazione che possa apparire sul sito web, senza l\u2019obbligo di preavviso o di informarne preventivamente gli utenti, ritenendosi sufficiente la pubblicazione sul sito web di Trisanio S.L.<\/p>\n\n<h3 class=\"wp-block-heading\">1. DATI IDENTIFICATIVI<\/h3>\n\n<p>Denominazione sociale: Trisanio S.L.<br\/>Nome commerciale: Locking<br\/>Codice Fiscale (CIF): B56259542<br\/>E-mail: info@locking.es<\/p>\n\n<h3 class=\"wp-block-heading\">2. OGGETTO<\/h3>\n\n<p>Attraverso il presente sito web, offriamo agli utenti la possibilit\u00e0 di accedere a informazioni riguardanti i nostri servizi.<\/p>\n\n<h3 class=\"wp-block-heading\">3. PRIVACY E TRATTAMENTO DEI DATI<\/h3>\n\n<p>Qualora per accedere a determinati contenuti o servizi sia necessario fornire dati personali, gli utenti garantiscono la veridicit\u00e0, l\u2019esattezza, l\u2019autenticit\u00e0 e l\u2019attualit\u00e0 di tali dati. L\u2019azienda tratter\u00e0 tali dati con sistemi automatizzati, in conformit\u00e0 alla loro natura e finalit\u00e0, secondo quanto indicato nella sezione Politica sulla Privacy. <\/p>\n\n<h3 class=\"wp-block-heading\">4. PROPRIET\u00c0 INDUSTRIALE E INTELLETTUALE<\/h3>\n\n<p>L\u2019utente riconosce e accetta che tutti i contenuti presenti nel sito web \u2013 in particolare design, testi, immagini, loghi, icone, pulsanti, software, nomi commerciali, marchi o qualsiasi altro segno suscettibile di uso industriale e\/o commerciale \u2013 sono protetti da diritti di propriet\u00e0 intellettuale e industriale.<br\/>Tutti i marchi, nomi commerciali o segni distintivi, cos\u00ec come i contenuti e\/o qualsiasi altro elemento inserito nella pagina, sono di propriet\u00e0 esclusiva dell\u2019azienda o di terzi autorizzati, che detengono il diritto esclusivo di utilizzarli nel commercio economico.<br\/>Pertanto, l\u2019utente si impegna a non riprodurre, copiare, distribuire, mettere a disposizione o comunicare pubblicamente, trasformare o modificare tali contenuti, tenendo indenne l\u2019azienda da qualsiasi rivendicazione derivante dalla violazione di tali obblighi. L\u2019accesso al sito web non implica in nessun caso la rinuncia, trasmissione, licenza o cessione, totale o parziale, di tali diritti, salvo espressa indicazione contraria.<br\/>Le presenti Condizioni Generali di Uso del sito web non conferiscono agli utenti alcun altro diritto di utilizzo, sfruttamento, alterazione, riproduzione o distribuzione dei contenuti, se non quanto espressamente previsto. Qualsiasi altro uso dovr\u00e0 essere previamente e specificamente autorizzato per iscritto dall\u2019azienda o dal titolare dei diritti interessati.    <br\/><br\/>Tutti i contenuti \u2013 testi, fotografie, disegni, loghi, immagini, programmi informatici, codici sorgente e, in generale, qualsiasi creazione intellettuale esistente in questo sito \u2013 sono protetti dalla normativa vigente in materia di propriet\u00e0 intellettuale.<br\/>L\u2019azienda \u00e8 titolare degli elementi grafici del sito web (menu, pulsanti di navigazione, codice HTML, testi, immagini, texture, grafici, ecc.) o dispone delle autorizzazioni necessarie per il loro utilizzo.  <br\/><br\/>\u00c8 vietato riprodurre anche solo parzialmente, trasmettere o registrare tali contenuti in qualsiasi forma o mezzo, senza previa autorizzazione scritta dell\u2019azienda. \u00c8 inoltre proibito rimuovere, eludere e\/o manipolare il copyright o altri dispositivi tecnici di protezione o meccanismi informativi inclusi nei contenuti.<br\/>L\u2019utente si impegna a rispettare tali diritti e a evitare qualsiasi comportamento che possa comprometterli. L\u2019azienda si riserva il diritto di intraprendere azioni legali a tutela dei propri legittimi diritti. <\/p>\n\n<h3 class=\"wp-block-heading\">5. OBBLIGHI E RESPONSABILIT\u00c0 DELL\u2019UTENTE DEL SITO WEB<\/h3>\n\n<p>L\u2019utente si impegna a:<\/p>\n\n<ol class=\"wp-block-list\">\n<li>Utilizzare il sito web e i suoi contenuti e servizi in modo conforme alla legge, alle presenti Condizioni Generali, alla morale, ai buoni costumi generalmente accettati e all\u2019ordine pubblico.    <\/li>\n\n\n\n<li>Procurarsi tutti i mezzi tecnici necessari per accedere al sito web.<\/li>\n\n\n\n<li>Fornire informazioni veritiere e aggiornate quando inserisce dati personali nei moduli presenti sul sito. L\u2019utente sar\u00e0 responsabile esclusivo per eventuali dichiarazioni false o inesatte e per i danni causati all\u2019azienda o a terzi. <\/li>\n<\/ol>\n\n<p>L\u2019utente si impegna inoltre ad astenersi da:<\/p>\n\n<ol class=\"wp-block-list\">\n<li>Utilizzare il sito web in modo non autorizzato o fraudolento, con scopi illeciti o lesivi di diritti di terzi, o che possa compromettere il normale funzionamento del sito.<\/li>\n\n\n\n<li>Accedere o tentare di accedere a zone riservate del sito senza autorizzazione.<\/li>\n\n\n\n<li>Danneggiare i sistemi fisici o logici del sito web, dei suoi fornitori o di terzi.<\/li>\n\n\n\n<li>Introdurre virus o altri sistemi che possano causare danni ai sistemi del sito.<\/li>\n\n\n\n<li>Accedere, utilizzare e\/o manipolare i dati dell\u2019azienda, di fornitori terzi o di altri utenti.<\/li>\n\n\n\n<li>Riprodurre, distribuire o modificare contenuti senza autorizzazione.<\/li>\n\n\n\n<li>Eliminare o manipolare le note sui diritti di propriet\u00e0 intellettuale o i dispositivi di protezione inseriti nei contenuti.<\/li>\n\n\n\n<li>Ottenere contenuti con mezzi non autorizzati<\/li>\n\n\n\n<li>Trasmettere o diffondere contenuti che:<br\/>\u00b7 Ledano diritti fondamentali e libert\u00e0 pubbliche riconosciute dalla legge;<br\/>\u00b7 Incitino ad atti delittuosi, diffamatori, violenti o contrari alla legge e al buon costume;<br\/>\u00b7 Promuovano discriminazioni per sesso, razza, religione, et\u00e0 o condizione;<br\/>\u00b7 Contengano contenuti violenti, offensivi, pericolosi o contrari alla morale;<br\/>\u00b7 Inducano stati di ansia o timore ingiustificati;<br\/>\u00b7 Promuovano pratiche dannose per la salute;<br\/>\u00b7 Violino diritti d\u2019autore o marchi registrati;<br\/>\u00b7 Ledano l\u2019onore, l\u2019intimit\u00e0 o l\u2019immagine altrui;<br\/>\u00b7 Costituiscano pubblicit\u00e0 non autorizzata;<br\/>\u00b7 Contengano virus o software dannosi.<\/li>\n<\/ol>\n\n<h3 class=\"wp-block-heading\">6. RESPONSABILIT\u00c0<\/h3>\n\n<p>Non si garantisce l\u2019accesso continuativo, n\u00e9 la corretta visualizzazione, scaricamento o utilit\u00e0 degli elementi e delle informazioni contenute nel sito web che possano essere impediti, ostacolati o interrotti da fattori o circostanze fuori dal controllo della societ\u00e0.<br\/>Non si assume alcuna responsabilit\u00e0 per le decisioni che possano essere prese come conseguenza dell\u2019accesso ai contenuti o alle informazioni offerte.<br\/>Il servizio potr\u00e0 essere interrotto o il rapporto con l\u2019Utente potr\u00e0 essere risolto immediatamente qualora si rilevi un utilizzo del sito web o di qualsiasi dei servizi offerti in contrasto con le presenti Condizioni Generali d&#8217;Uso. Non siamo responsabili per danni, perdite, reclami o spese derivanti dall\u2019uso del sito web.  <br\/><br\/>Saremo responsabili esclusivamente per la rimozione, nel pi\u00f9 breve tempo possibile, dei contenuti che possano generare tali danni, purch\u00e9 ne venga data notifica. In particolare, non saremo responsabili per i danni derivanti, tra gli altri, da: <\/p>\n\n<ol class=\"wp-block-list\">\n<li>Interferenze, interruzioni, guasti, omissioni, malfunzionamenti telefonici, ritardi, blocchi o disconnessioni del funzionamento del sistema elettronico, causati da carenze, sovraccarichi o errori nelle linee e reti di telecomunicazione, o per qualsiasi altra causa al di fuori del controllo dell\u2019azienda.<\/li>\n\n\n\n<li>Interferenze illegittime mediante l\u2019uso di programmi dannosi di qualsiasi tipo e tramite qualsiasi mezzo di comunicazione, come virus informatici o altri simili.<\/li>\n\n\n\n<li>Uso improprio o inadeguato del sito web.<\/li>\n\n\n\n<li>Errori di sicurezza o di navigazione causati da un cattivo funzionamento del browser o dall\u2019uso di versioni non aggiornate dello stesso. Il responsabile del sito si riserva il diritto di rimuovere, totalmente o parzialmente, qualsiasi contenuto o informazione presente sul sito web. <\/li>\n<\/ol>\n\n<p>L\u2019azienda esclude ogni responsabilit\u00e0 per danni di qualsiasi natura derivanti dall\u2019uso improprio dei servizi di libero accesso da parte degli utenti del sito web. Inoltre, si esonera da ogni responsabilit\u00e0 per i contenuti e le informazioni ricevute tramite i moduli di raccolta dati, che hanno l\u2019unico scopo di fornire servizi di consulenza e assistenza.<br\/>Nel caso in cui si causino danni per un uso illecito o scorretto di tali servizi, l\u2019utente potr\u00e0 essere ritenuto responsabile per i danni causati.  <br\/><br\/>L\u2019utente manterr\u00e0 l\u2019azienda indenne da qualsiasi danno derivante da reclami, azioni o richieste di terzi in conseguenza del suo accesso o utilizzo del sito web. Inoltre, si impegna a risarcire eventuali danni derivanti dall\u2019uso di \u201crobot\u201d, \u201cspider\u201d, \u201ccrawler\u201d o strumenti simili impiegati per raccogliere o estrarre dati, o per qualsiasi altra azione che imponga un carico irragionevole sul funzionamento del sito web. <\/p>\n\n<h3 class=\"wp-block-heading\">7. COLLEGAMENTI IPERTESTUALI<\/h3>\n\n<p>L\u2019Utente si impegna a non riprodurre in alcun modo, nemmeno tramite hyperlink, il sito web o qualsiasi dei suoi contenuti, salvo autorizzazione espressa e scritta del responsabile del file.<br\/><br\/>Il sito web pu\u00f2 includere collegamenti ad altri siti gestiti da terzi, al fine di facilitare l\u2019accesso dell\u2019Utente a informazioni su aziende collaboratrici e\/o sponsor. In tal caso, la societ\u00e0 non \u00e8 responsabile del contenuto di tali siti, n\u00e9 assume il ruolo di garante o parte offerente dei servizi e\/o delle informazioni che possano essere fornite tramite detti link. <br\/><br\/>All\u2019Utente \u00e8 concesso un diritto limitato, revocabile e non esclusivo a creare collegamenti alla home page del sito web esclusivamente per uso personale e non commerciale. I siti web che includano un link al nostro sito web:<br\/>i. Non possono falsificare la propria relazione con noi, n\u00e9 affermare che esista un\u2019autorizzazione a tale collegamento, n\u00e9 utilizzare loghi, marchi, nomi commerciali o altri segni distintivi della nostra azienda;<br\/>ii. Non possono includere contenuti di cattivo gusto, osceni, offensivi, controversi, che incitino alla violenza o alla discriminazione basata su sesso, razza o religione, contrari all\u2019ordine pubblico o illegali;<br\/>iii. Non possono collegarsi a pagine diverse dalla home page del sito web;<br\/>iv. Devono collegarsi direttamente all\u2019URL del sito web, senza permettere che venga riprodotto all\u2019interno del proprio sito (\u201cframing\u201d) o in finestre esterne (\u201cbrowsers embedded\u201d).<br\/>L\u2019azienda si riserva il diritto di richiedere in qualsiasi momento la rimozione di qualsiasi collegamento al sito web. Dopo tale richiesta, l\u2019utente dovr\u00e0 provvedere immediatamente alla sua eliminazione.      <br\/><br\/>L\u2019azienda non controlla le informazioni, i contenuti, i prodotti o i servizi forniti da altri siti web che contengono link verso il proprio sito.<\/p>\n\n<h3 class=\"wp-block-heading\">8. PROTEZIONE DEI DATI<\/h3>\n\n<p>Per utilizzare alcuni dei servizi, l\u2019Utente deve previamente fornire alcuni dati personali. L\u2019azienda tratter\u00e0 tali dati con sistemi automatizzati e applicher\u00e0 le misure di sicurezza previste, in conformit\u00e0 al Regolamento Generale sulla Protezione dei Dati (RGPD), alla LOPDGDD e alla LSSI.<br\/>L\u2019Utente potr\u00e0 consultare la politica adottata per il trattamento dei dati personali e gli scopi stabiliti nella Politica sulla Privacy.  <\/p>\n\n<h3 class=\"wp-block-heading\">9. COOKIES<\/h3>\n\n<p>L\u2019azienda si riserva il diritto di utilizzare la tecnologia \u201ccookie\u201d nel sito web, al fine di riconoscere l\u2019Utente come visitatore abituale e personalizzare l\u2019esperienza d\u2019uso selezionando, ad esempio, la lingua o contenuti specifici.<br\/><br\/>Le cookie raccolgono l\u2019indirizzo IP dell\u2019Utente e Google \u00e8 responsabile del trattamento di tali informazioni.<br\/><br\/>Le cookie sono file inviati al browser da un server web per registrare la navigazione dell\u2019Utente sul sito web, a condizione che l\u2019Utente consenta la loro ricezione. L\u2019Utente pu\u00f2 configurare il proprio browser per ricevere una notifica quando riceve cookie e per impedirne l\u2019installazione sul proprio disco rigido. Si consiglia di consultare le istruzioni del proprio browser per ulteriori informazioni.  <br\/><br\/>Grazie all\u2019uso delle cookie, \u00e8 possibile riconoscere il browser dell\u2019Utente e offrire contenuti e preferenze personalizzate, misurare il traffico, controllare l\u2019accesso e il numero di visite.<\/p>\n\n<h3 class=\"wp-block-heading\">10. DICHIARAZIONI E GARANZIE<\/h3>\n\n<p>In generale, i contenuti e i servizi offerti sul sito web sono a scopo puramente informativo. Di conseguenza, non si forniscono garanzie n\u00e9 dichiarazioni riguardo a legalit\u00e0, affidabilit\u00e0, utilit\u00e0, veridicit\u00e0, accuratezza o commerciabilit\u00e0 dei contenuti, salvo ove tali garanzie non possano essere escluse per legge. <\/p>\n\n<h3 class=\"wp-block-heading\">11. FORZA MAGGIORE<\/h3>\n\n<p>L\u2019azienda non sar\u00e0 ritenuta responsabile per l\u2019impossibilit\u00e0 di fornire il servizio, in caso ci\u00f2 dipenda da interruzioni prolungate della fornitura di energia elettrica, delle linee di telecomunicazione, conflitti sociali, scioperi, rivolte, esplosioni, inondazioni, atti o omissioni del Governo, e in generale, da tutti i casi di forza maggiore o eventi imprevedibili.<\/p>\n\n<h3 class=\"wp-block-heading\">12. RISOLUZIONE DELLE CONTROVERSIE, LEGGE APPLICABILE E FORO COMPETENTE <\/h3>\n\n<p>Le presenti Condizioni Generali d&#8217;Uso e l\u2019utilizzo del sito web saranno regolati dalla legislazione spagnola. Per la risoluzione di eventuali controversie, le parti si sottometteranno ai Tribunali e Giudici della sede legale del Responsabile del sito web. <br\/><br\/>Nel caso in cui una qualsiasi clausola delle presenti Condizioni Generali risulti inapplicabile o nulla secondo la normativa vigente o in forza di una decisione giudiziaria o amministrativa, tale inapplicabilit\u00e0 non comporter\u00e0 l\u2019inapplicabilit\u00e0 dell\u2019intero documento. In tali casi, l\u2019azienda proceder\u00e0 alla modifica o sostituzione della clausola interessata con un\u2019altra valida e applicabile che, nei limiti del possibile, realizzi l\u2019obiettivo originario. <\/p>\n","protected":false},"excerpt":{"rendered":"<p>Avviso Legale LEGGE SUI SERVIZI DELLA SOCIET\u00c0 DELL\u2019INFORMAZIONE (LSSI) Trisanio S.L., responsabile del sito web (di seguito, il RESPONSABILE), mette a disposizione degli utenti il presente documento con l\u2019obiettivo di adempiere agli obblighi previsti dalla Legge 34\/2002 dell\u201911 luglio, sui Servizi della Societ\u00e0 dell\u2019Informazione e del Commercio Elettronico (LSSICE), nonch\u00e9 di informare tutti gli utenti [&hellip;]<\/p>\n","protected":false},"author":1,"featured_media":31152,"parent":0,"menu_order":0,"comment_status":"closed","ping_status":"closed","template":"","meta":{"footnotes":""},"class_list":["post-33054","page","type-page","status-publish","has-post-thumbnail","hentry"],"yoast_head":"<!-- This site is optimized with the Yoast SEO plugin v27.3 - https:\/\/yoast.com\/product\/yoast-seo-wordpress\/ -->\n<title>Armadietti a Madrid e San Sebastian Deposita i tuoi bagagli o valigie<\/title>\n<meta name=\"description\" content=\"Locking \u00e8 la soluzione ideale per custodire valigie e bagagli a Madrid o San Sebasti\u00e1n, Donostia, con il servizio pi\u00f9 apprezzato su Google. Sito web e servizi gestiti da Trisanio S.L. attraverso il suo marchio Locking. Codice fiscale B56259542 ed email info@locking.es\" \/>\n<meta name=\"robots\" content=\"index, follow, max-snippet:-1, max-image-preview:large, max-video-preview:-1\" \/>\n<link rel=\"canonical\" href=\"https:\/\/locking.es\/it\/avviso-legale\/\" \/>\n<meta property=\"og:locale\" content=\"it_IT\" \/>\n<meta property=\"og:type\" content=\"article\" \/>\n<meta property=\"og:title\" content=\"Armadietti a Madrid e San Sebastian Deposita i tuoi bagagli o valigie\" \/>\n<meta property=\"og:description\" content=\"Locking \u00e8 la soluzione ideale per custodire valigie e bagagli a Madrid o San Sebasti\u00e1n, Donostia, con il servizio pi\u00f9 apprezzato su Google. Sito web e servizi gestiti da Trisanio S.L. attraverso il suo marchio Locking. Codice fiscale B56259542 ed email info@locking.es\" \/>\n<meta property=\"og:url\" content=\"https:\/\/locking.es\/it\/avviso-legale\/\" \/>\n<meta property=\"og:site_name\" content=\"Consignas autom\u00e1ticas Maletas y Equipaje Locking\" \/>\n<meta property=\"article:modified_time\" content=\"2025-08-11T11:53:48+00:00\" \/>\n<meta property=\"og:image\" content=\"https:\/\/locking.es\/wp-content\/uploads\/2025\/07\/bg_contacto_v2.jpg\" \/>\n\t<meta property=\"og:image:width\" content=\"1600\" \/>\n\t<meta property=\"og:image:height\" content=\"720\" \/>\n\t<meta property=\"og:image:type\" content=\"image\/jpeg\" \/>\n<meta name=\"twitter:card\" content=\"summary_large_image\" \/>\n<meta name=\"twitter:label1\" content=\"Tempo di lettura stimato\" \/>\n\t<meta name=\"twitter:data1\" content=\"10 minuti\" \/>\n<script type=\"application\/ld+json\" class=\"yoast-schema-graph\">{\"@context\":\"https:\\\/\\\/schema.org\",\"@graph\":[{\"@type\":\"WebPage\",\"@id\":\"https:\\\/\\\/locking.es\\\/it\\\/avviso-legale\\\/\",\"url\":\"https:\\\/\\\/locking.es\\\/it\\\/avviso-legale\\\/\",\"name\":\"Armadietti a Madrid e San Sebastian Deposita i tuoi bagagli o valigie\",\"isPartOf\":{\"@id\":\"https:\\\/\\\/locking.es\\\/it\\\/#website\"},\"primaryImageOfPage\":{\"@id\":\"https:\\\/\\\/locking.es\\\/it\\\/avviso-legale\\\/#primaryimage\"},\"image\":{\"@id\":\"https:\\\/\\\/locking.es\\\/it\\\/avviso-legale\\\/#primaryimage\"},\"thumbnailUrl\":\"https:\\\/\\\/locking.es\\\/wp-content\\\/uploads\\\/2025\\\/07\\\/bg_contacto_v2.jpg\",\"datePublished\":\"2025-07-15T07:33:55+00:00\",\"dateModified\":\"2025-08-11T11:53:48+00:00\",\"description\":\"Locking \u00e8 la soluzione ideale per custodire valigie e bagagli a Madrid o San Sebasti\u00e1n, Donostia, con il servizio pi\u00f9 apprezzato su Google. Sito web e servizi gestiti da Trisanio S.L. attraverso il suo marchio Locking. Codice fiscale B56259542 ed email info@locking.es\",\"breadcrumb\":{\"@id\":\"https:\\\/\\\/locking.es\\\/it\\\/avviso-legale\\\/#breadcrumb\"},\"inLanguage\":\"it-IT\",\"potentialAction\":[{\"@type\":\"ReadAction\",\"target\":[\"https:\\\/\\\/locking.es\\\/it\\\/avviso-legale\\\/\"]}]},{\"@type\":\"ImageObject\",\"inLanguage\":\"it-IT\",\"@id\":\"https:\\\/\\\/locking.es\\\/it\\\/avviso-legale\\\/#primaryimage\",\"url\":\"https:\\\/\\\/locking.es\\\/wp-content\\\/uploads\\\/2025\\\/07\\\/bg_contacto_v2.jpg\",\"contentUrl\":\"https:\\\/\\\/locking.es\\\/wp-content\\\/uploads\\\/2025\\\/07\\\/bg_contacto_v2.jpg\",\"width\":1600,\"height\":720},{\"@type\":\"BreadcrumbList\",\"@id\":\"https:\\\/\\\/locking.es\\\/it\\\/avviso-legale\\\/#breadcrumb\",\"itemListElement\":[{\"@type\":\"ListItem\",\"position\":1,\"name\":\"Portada\",\"item\":\"https:\\\/\\\/locking.es\\\/it\\\/\"},{\"@type\":\"ListItem\",\"position\":2,\"name\":\"Avviso Legale\"}]},{\"@type\":\"WebSite\",\"@id\":\"https:\\\/\\\/locking.es\\\/it\\\/#website\",\"url\":\"https:\\\/\\\/locking.es\\\/it\\\/\",\"name\":\"Consignas autom\u00e1ticas Maletas y Equipaje Locking\",\"description\":\"\",\"publisher\":{\"@id\":\"https:\\\/\\\/locking.es\\\/it\\\/#organization\"},\"potentialAction\":[{\"@type\":\"SearchAction\",\"target\":{\"@type\":\"EntryPoint\",\"urlTemplate\":\"https:\\\/\\\/locking.es\\\/it\\\/?s={search_term_string}\"},\"query-input\":{\"@type\":\"PropertyValueSpecification\",\"valueRequired\":true,\"valueName\":\"search_term_string\"}}],\"inLanguage\":\"it-IT\"},{\"@type\":\"Organization\",\"@id\":\"https:\\\/\\\/locking.es\\\/it\\\/#organization\",\"name\":\"Consignas autom\u00e1ticas Maletas y Equipaje Locking\",\"url\":\"https:\\\/\\\/locking.es\\\/it\\\/\",\"logo\":{\"@type\":\"ImageObject\",\"inLanguage\":\"it-IT\",\"@id\":\"https:\\\/\\\/locking.es\\\/it\\\/#\\\/schema\\\/logo\\\/image\\\/\",\"url\":\"https:\\\/\\\/locking.es\\\/wp-content\\\/uploads\\\/2024\\\/09\\\/logo.png\",\"contentUrl\":\"https:\\\/\\\/locking.es\\\/wp-content\\\/uploads\\\/2024\\\/09\\\/logo.png\",\"width\":239,\"height\":91,\"caption\":\"Consignas autom\u00e1ticas Maletas y Equipaje Locking\"},\"image\":{\"@id\":\"https:\\\/\\\/locking.es\\\/it\\\/#\\\/schema\\\/logo\\\/image\\\/\"}}]}<\/script>\n<!-- \/ Yoast SEO plugin. -->","yoast_head_json":{"title":"Armadietti a Madrid e San Sebastian Deposita i tuoi bagagli o valigie","description":"Locking \u00e8 la soluzione ideale per custodire valigie e bagagli a Madrid o San Sebasti\u00e1n, Donostia, con il servizio pi\u00f9 apprezzato su Google. Sito web e servizi gestiti da Trisanio S.L. attraverso il suo marchio Locking. Codice fiscale B56259542 ed email info@locking.es","robots":{"index":"index","follow":"follow","max-snippet":"max-snippet:-1","max-image-preview":"max-image-preview:large","max-video-preview":"max-video-preview:-1"},"canonical":"https:\/\/locking.es\/it\/avviso-legale\/","og_locale":"it_IT","og_type":"article","og_title":"Armadietti a Madrid e San Sebastian Deposita i tuoi bagagli o valigie","og_description":"Locking \u00e8 la soluzione ideale per custodire valigie e bagagli a Madrid o San Sebasti\u00e1n, Donostia, con il servizio pi\u00f9 apprezzato su Google. Sito web e servizi gestiti da Trisanio S.L. attraverso il suo marchio Locking. Codice fiscale B56259542 ed email info@locking.es","og_url":"https:\/\/locking.es\/it\/avviso-legale\/","og_site_name":"Consignas autom\u00e1ticas Maletas y Equipaje Locking","article_modified_time":"2025-08-11T11:53:48+00:00","og_image":[{"width":1600,"height":720,"url":"https:\/\/locking.es\/wp-content\/uploads\/2025\/07\/bg_contacto_v2.jpg","type":"image\/jpeg"}],"twitter_card":"summary_large_image","twitter_misc":{"Tempo di lettura stimato":"10 minuti"},"schema":{"@context":"https:\/\/schema.org","@graph":[{"@type":"WebPage","@id":"https:\/\/locking.es\/it\/avviso-legale\/","url":"https:\/\/locking.es\/it\/avviso-legale\/","name":"Armadietti a Madrid e San Sebastian Deposita i tuoi bagagli o valigie","isPartOf":{"@id":"https:\/\/locking.es\/it\/#website"},"primaryImageOfPage":{"@id":"https:\/\/locking.es\/it\/avviso-legale\/#primaryimage"},"image":{"@id":"https:\/\/locking.es\/it\/avviso-legale\/#primaryimage"},"thumbnailUrl":"https:\/\/locking.es\/wp-content\/uploads\/2025\/07\/bg_contacto_v2.jpg","datePublished":"2025-07-15T07:33:55+00:00","dateModified":"2025-08-11T11:53:48+00:00","description":"Locking \u00e8 la soluzione ideale per custodire valigie e bagagli a Madrid o San Sebasti\u00e1n, Donostia, con il servizio pi\u00f9 apprezzato su Google. Sito web e servizi gestiti da Trisanio S.L. attraverso il suo marchio Locking. Codice fiscale B56259542 ed email info@locking.es","breadcrumb":{"@id":"https:\/\/locking.es\/it\/avviso-legale\/#breadcrumb"},"inLanguage":"it-IT","potentialAction":[{"@type":"ReadAction","target":["https:\/\/locking.es\/it\/avviso-legale\/"]}]},{"@type":"ImageObject","inLanguage":"it-IT","@id":"https:\/\/locking.es\/it\/avviso-legale\/#primaryimage","url":"https:\/\/locking.es\/wp-content\/uploads\/2025\/07\/bg_contacto_v2.jpg","contentUrl":"https:\/\/locking.es\/wp-content\/uploads\/2025\/07\/bg_contacto_v2.jpg","width":1600,"height":720},{"@type":"BreadcrumbList","@id":"https:\/\/locking.es\/it\/avviso-legale\/#breadcrumb","itemListElement":[{"@type":"ListItem","position":1,"name":"Portada","item":"https:\/\/locking.es\/it\/"},{"@type":"ListItem","position":2,"name":"Avviso Legale"}]},{"@type":"WebSite","@id":"https:\/\/locking.es\/it\/#website","url":"https:\/\/locking.es\/it\/","name":"Consignas autom\u00e1ticas Maletas y Equipaje Locking","description":"","publisher":{"@id":"https:\/\/locking.es\/it\/#organization"},"potentialAction":[{"@type":"SearchAction","target":{"@type":"EntryPoint","urlTemplate":"https:\/\/locking.es\/it\/?s={search_term_string}"},"query-input":{"@type":"PropertyValueSpecification","valueRequired":true,"valueName":"search_term_string"}}],"inLanguage":"it-IT"},{"@type":"Organization","@id":"https:\/\/locking.es\/it\/#organization","name":"Consignas autom\u00e1ticas Maletas y Equipaje Locking","url":"https:\/\/locking.es\/it\/","logo":{"@type":"ImageObject","inLanguage":"it-IT","@id":"https:\/\/locking.es\/it\/#\/schema\/logo\/image\/","url":"https:\/\/locking.es\/wp-content\/uploads\/2024\/09\/logo.png","contentUrl":"https:\/\/locking.es\/wp-content\/uploads\/2024\/09\/logo.png","width":239,"height":91,"caption":"Consignas autom\u00e1ticas Maletas y Equipaje Locking"},"image":{"@id":"https:\/\/locking.es\/it\/#\/schema\/logo\/image\/"}}]}},"_links":{"self":[{"href":"https:\/\/locking.es\/it\/wp-json\/wp\/v2\/pages\/33054","targetHints":{"allow":["GET"]}}],"collection":[{"href":"https:\/\/locking.es\/it\/wp-json\/wp\/v2\/pages"}],"about":[{"href":"https:\/\/locking.es\/it\/wp-json\/wp\/v2\/types\/page"}],"author":[{"embeddable":true,"href":"https:\/\/locking.es\/it\/wp-json\/wp\/v2\/users\/1"}],"replies":[{"embeddable":true,"href":"https:\/\/locking.es\/it\/wp-json\/wp\/v2\/comments?post=33054"}],"version-history":[{"count":1,"href":"https:\/\/locking.es\/it\/wp-json\/wp\/v2\/pages\/33054\/revisions"}],"predecessor-version":[{"id":33055,"href":"https:\/\/locking.es\/it\/wp-json\/wp\/v2\/pages\/33054\/revisions\/33055"}],"wp:featuredmedia":[{"embeddable":true,"href":"https:\/\/locking.es\/it\/wp-json\/wp\/v2\/media\/31152"}],"wp:attachment":[{"href":"https:\/\/locking.es\/it\/wp-json\/wp\/v2\/media?parent=33054"}],"curies":[{"name":"wp","href":"https:\/\/api.w.org\/{rel}","templated":true}]}}