{"id":33086,"date":"2025-07-15T10:44:11","date_gmt":"2025-07-15T08:44:11","guid":{"rendered":"https:\/\/locking.lander-desarrollo.es\/politica-de-cookies\/"},"modified":"2025-08-13T11:42:16","modified_gmt":"2025-08-13T09:42:16","slug":"politica-de-cookies","status":"publish","type":"page","link":"https:\/\/locking.es\/pt-pt\/politica-de-cookies\/","title":{"rendered":"Pol\u00edtica de cookies"},"content":{"rendered":"\t\t<div data-elementor-type=\"wp-page\" data-elementor-id=\"33086\" class=\"elementor elementor-33086 elementor-28265\">\n\t\t\t\t<div class=\"elementor-element elementor-element-2a809543 e-flex e-con-boxed e-con e-parent\" data-id=\"2a809543\" data-element_type=\"container\" data-e-type=\"container\">\n\t\t\t\t\t<div class=\"e-con-inner\">\n\t\t\t\t<div class=\"elementor-element elementor-element-334d00c3 elementor-widget elementor-widget-text-editor\" data-id=\"334d00c3\" data-element_type=\"widget\" data-e-type=\"widget\" data-settings=\"{&quot;ekit_we_effect_on&quot;:&quot;none&quot;}\" data-widget_type=\"text-editor.default\">\n\t\t\t\t<div class=\"elementor-widget-container\">\n\t\t\t\t\t\t\t\t\t\n<h2 class=\"wp-block-heading\"><strong>Pol\u00edtica de Cookies<\/strong><\/h2>\n\n<p><strong>\u00daltima atualiza\u00e7\u00e3o: 29 de janeiro de 2025<\/strong><br>Esta pol\u00edtica aplica-se aos utilizadores do Espa\u00e7o Econ\u00f3mico Europeu e Su\u00ed\u00e7a.<\/p>\n\n<p><strong>1. O que s\u00e3o cookies?<\/strong><\/p>\n\n<p>Cookies s\u00e3o pequenos arquivos de texto que um site armazena no seu navegador quando o visita. Servem para que o site funcione corretamente, lembre as suas prefer\u00eancias, analise o uso que faz do site e lhe ofere\u00e7a conte\u00fado personalizado, incluindo publicidade. <\/p>\n\n<p><strong>2. Que tipos de cookies utilizamos?<\/strong><\/p>\n\n<p>Em <strong>locking.es<\/strong>, utilizamos os seguintes tipos de cookies:<\/p>\n\n<p><strong>a) Cookies t\u00e9cnicos ou funcionais (essenciais)<\/strong><\/p>\n\n<p>Estes cookies s\u00e3o necess\u00e1rios para que o site funcione corretamente e possa aceder a fun\u00e7\u00f5es b\u00e1sicas, como guardar as suas prefer\u00eancias ou manter a sess\u00e3o iniciada. N\u00e3o requerem o seu consentimento. <\/p>\n\n<p><strong>b) Cookies de an\u00e1lise ou estat\u00edsticos<\/strong><\/p>\n\n<p>Permitem-nos saber como os utilizadores interagem com o nosso site para melhorar o seu desempenho, acessibilidade e e funcionalidade. S\u00f3 s\u00e3o ativados se nos der o seu consentimento. <\/p>\n\n<p><strong>c) Cookies de marketing ou personaliza\u00e7\u00e3o<\/strong><\/p>\n\n<p>Estes cookies s\u00e3o usados para lhe mostrar conte\u00fado publicit\u00e1rio relevante e adaptado aos seus interesses, dentro e fora do nosso site. Tamb\u00e9m nos podem ajudar a medir a efic\u00e1cia das nossas campanhas. S\u00e3o usados apenas se der o seu consentimento.  <\/p>\n\n<p><strong>3. Que cookies utilizamos?<\/strong><\/p>\n\n<p>A seguir, indicamos os cookies que podemos utilizar, de acordo com o fornecedor:<\/p>\n\n<p> <\/p>\n\t\t\t\t\t\t\t\t<\/div>\n\t\t\t\t<\/div>\n\t\t\t\t<div class=\"elementor-element elementor-element-b3b6682 elementor-widget elementor-widget-html\" data-id=\"b3b6682\" data-element_type=\"widget\" data-e-type=\"widget\" data-settings=\"{&quot;ekit_we_effect_on&quot;:&quot;none&quot;}\" data-widget_type=\"html.default\">\n\t\t\t\t<div class=\"elementor-widget-container\">\n\t\t\t\t\t<div class=\"cky-audit-table-element\"><\/div>\t\t\t\t<\/div>\n\t\t\t\t<\/div>\n\t\t\t\t<div class=\"elementor-element elementor-element-417188c elementor-widget elementor-widget-text-editor\" data-id=\"417188c\" data-element_type=\"widget\" data-e-type=\"widget\" data-settings=\"{&quot;ekit_we_effect_on&quot;:&quot;none&quot;}\" data-widget_type=\"text-editor.default\">\n\t\t\t\t<div class=\"elementor-widget-container\">\n\t\t\t\t\t\t\t\t\t\n<p><strong>4. Como gerimos o seu consentimento?<\/strong><\/p>\n\n<p>Ao visitar o nosso site pela primeira vez, ver\u00e1 um banner de cookies que lhe permitir\u00e1 aceitar, recusar ou personalizar a sua configura\u00e7\u00e3o. S\u00f3 instalaremos cookies estat\u00edsticos ou de marketing se o consentir. <\/p>\n\n<p>Pode mudar as suas prefer\u00eancias a qualquer momento a partir do link &#8220;Configura\u00e7\u00e3o de cookies&#8221; localizado no rodap\u00e9 da p\u00e1gina.<\/p>\n\n<p><strong>5. Como pode gerir ou desativar os cookies?<\/strong><\/p>\n\n<p>Pode configurar o seu navegador para permitir, bloquear ou eliminar cookies. Tenha em conta que se desativar todos os cookies, algumas fun\u00e7\u00f5es do site podem n\u00e3o estar dispon\u00edveis ou n\u00e3o funcionar corretamente. <\/p>\n\n<p>Consulte aqui como faz\u00ea-lo nos navegadores mais usados:<\/p>\n\n<ul class=\"wp-block-list\">\n<li>Google Chrome<\/li>\n\n<li><a href=\"https:\/\/support.mozilla.org\/es\/kb\/habilitar-y-deshabilitar-cookies-sitios-web\">Mozilla Firefox<\/a><\/li>\n\n<li><a href=\"https:\/\/support.apple.com\/es-es\/guide\/safari\/sfri11471\/mac\">Safari<\/a><\/li>\n\n<li><a href=\"https:\/\/support.microsoft.com\/es-es\/help\/4027947\/microsoft-edge-delete-cookies\">Microsoft Edge<\/a><\/li>\n<\/ul>\n\n<p><strong>6. Os seus direitos sobre os seus dados<\/strong><\/p>\n\n<p>Tem direito a:<\/p>\n\n<ul class=\"wp-block-list\">\n<li>Saber que dados pessoais s\u00e3o recolhidos e porqu\u00ea.<\/li>\n\n<li>Aceder aos seus dados pessoais.<\/li>\n\n<li>Retificar dados incorretos ou incompletos.<\/li>\n\n<li>Solicitar a elimina\u00e7\u00e3o dos seus dados pessoais.<\/li>\n\n<li>Retirar o seu consentimento a qualquer momento.<\/li>\n\n<li>Opor-se ao tratamento dos seus dados para fins de marketing.<\/li>\n<\/ul>\n\n<p>Para exercer os seus direitos, pode escrever-nos para o nosso endere\u00e7o de e-mail.<\/p>\n\n<p><strong>7. Dados de contacto<\/strong><\/p>\n\n<p><strong>Respons\u00e1vel pelo tratamento:<\/strong> <br>Trisanio S.L.<br>Calle Hortaleza, 15 &#8211; 28004 Madrid (Espanha) <br>Correio eletr\u00f3nico: info@locking.es<br>Telefone: +34 613 05 97 01<br>Web: <a href=\"https:\/\/locking.es\/pt-pt\/\">https:\/\/locking.es<\/a><\/p>\n\t\t\t\t\t\t\t\t<\/div>\n\t\t\t\t<\/div>\n\t\t\t\t\t<\/div>\n\t\t\t\t<\/div>\n\t\t\t\t<\/div>\n\t\t","protected":false},"excerpt":{"rendered":"<p>Pol\u00edtica de Cookies \u00daltima atualiza\u00e7\u00e3o: 29 de janeiro de 2025Esta pol\u00edtica aplica-se aos utilizadores do Espa\u00e7o Econ\u00f3mico Europeu e Su\u00ed\u00e7a. 1. O que s\u00e3o cookies? Cookies s\u00e3o pequenos arquivos de texto que um site armazena no seu navegador quando o visita. Servem para que o site funcione corretamente, lembre as suas prefer\u00eancias, analise o uso [&hellip;]<\/p>\n","protected":false},"author":1,"featured_media":31153,"parent":0,"menu_order":0,"comment_status":"closed","ping_status":"closed","template":"","meta":{"footnotes":""},"class_list":["post-33086","page","type-page","status-publish","has-post-thumbnail","hentry"],"yoast_head":"<!-- This site is optimized with the Yoast SEO plugin v27.3 - https:\/\/yoast.com\/product\/yoast-seo-wordpress\/ -->\n<title>Guarde a sua bagagem ou malas em arm\u00e1rios abertos 24 horas por dia<\/title>\n<meta name=\"description\" content=\"O Locking, o servi\u00e7o de guarda-volumes e bagagens mais bem avaliado pelos clientes no Google, oferece todas as informa\u00e7\u00f5es sobre cookies no seu site. Descubra o guarda-volumes onde guardar malas ou bagagens \u00e9 seguro, f\u00e1cil e acess\u00edvel. Reserve online em 3 passos e desfrute de videovigil\u00e2ncia 24 h.\" \/>\n<meta name=\"robots\" content=\"index, follow, max-snippet:-1, max-image-preview:large, max-video-preview:-1\" \/>\n<link rel=\"canonical\" href=\"https:\/\/locking.es\/pt-pt\/politica-de-cookies\/\" \/>\n<meta property=\"og:locale\" content=\"pt_PT\" \/>\n<meta property=\"og:type\" content=\"article\" \/>\n<meta property=\"og:title\" content=\"Guarde a sua bagagem ou malas em arm\u00e1rios abertos 24 horas por dia\" \/>\n<meta property=\"og:description\" content=\"O Locking, o servi\u00e7o de guarda-volumes e bagagens mais bem avaliado pelos clientes no Google, oferece todas as informa\u00e7\u00f5es sobre cookies no seu site. Descubra o guarda-volumes onde guardar malas ou bagagens \u00e9 seguro, f\u00e1cil e acess\u00edvel. Reserve online em 3 passos e desfrute de videovigil\u00e2ncia 24 h.\" \/>\n<meta property=\"og:url\" content=\"https:\/\/locking.es\/pt-pt\/politica-de-cookies\/\" \/>\n<meta property=\"og:site_name\" content=\"Consignas autom\u00e1ticas Maletas y Equipaje Locking\" \/>\n<meta property=\"article:modified_time\" content=\"2025-08-13T09:42:16+00:00\" \/>\n<meta property=\"og:image\" content=\"https:\/\/locking.es\/wp-content\/uploads\/2025\/07\/bg_contacto_v2.jpg\" \/>\n\t<meta property=\"og:image:width\" content=\"1600\" \/>\n\t<meta property=\"og:image:height\" content=\"720\" \/>\n\t<meta property=\"og:image:type\" content=\"image\/jpeg\" \/>\n<meta name=\"twitter:card\" content=\"summary_large_image\" \/>\n<meta name=\"twitter:label1\" content=\"Tempo estimado de leitura\" \/>\n\t<meta name=\"twitter:data1\" content=\"3 minutos\" \/>\n<script type=\"application\/ld+json\" class=\"yoast-schema-graph\">{\"@context\":\"https:\\\/\\\/schema.org\",\"@graph\":[{\"@type\":\"WebPage\",\"@id\":\"https:\\\/\\\/locking.es\\\/pt-pt\\\/politica-de-cookies\\\/\",\"url\":\"https:\\\/\\\/locking.es\\\/pt-pt\\\/politica-de-cookies\\\/\",\"name\":\"Guarde a sua bagagem ou malas em arm\u00e1rios abertos 24 horas por dia\",\"isPartOf\":{\"@id\":\"https:\\\/\\\/locking.es\\\/pt-pt\\\/#website\"},\"primaryImageOfPage\":{\"@id\":\"https:\\\/\\\/locking.es\\\/pt-pt\\\/politica-de-cookies\\\/#primaryimage\"},\"image\":{\"@id\":\"https:\\\/\\\/locking.es\\\/pt-pt\\\/politica-de-cookies\\\/#primaryimage\"},\"thumbnailUrl\":\"https:\\\/\\\/locking.es\\\/wp-content\\\/uploads\\\/2025\\\/07\\\/bg_contacto_v2.jpg\",\"datePublished\":\"2025-07-15T08:44:11+00:00\",\"dateModified\":\"2025-08-13T09:42:16+00:00\",\"description\":\"O Locking, o servi\u00e7o de guarda-volumes e bagagens mais bem avaliado pelos clientes no Google, oferece todas as informa\u00e7\u00f5es sobre cookies no seu site. Descubra o guarda-volumes onde guardar malas ou bagagens \u00e9 seguro, f\u00e1cil e acess\u00edvel. Reserve online em 3 passos e desfrute de videovigil\u00e2ncia 24 h.\",\"breadcrumb\":{\"@id\":\"https:\\\/\\\/locking.es\\\/pt-pt\\\/politica-de-cookies\\\/#breadcrumb\"},\"inLanguage\":\"pt-PT\",\"potentialAction\":[{\"@type\":\"ReadAction\",\"target\":[\"https:\\\/\\\/locking.es\\\/pt-pt\\\/politica-de-cookies\\\/\"]}]},{\"@type\":\"ImageObject\",\"inLanguage\":\"pt-PT\",\"@id\":\"https:\\\/\\\/locking.es\\\/pt-pt\\\/politica-de-cookies\\\/#primaryimage\",\"url\":\"https:\\\/\\\/locking.es\\\/wp-content\\\/uploads\\\/2025\\\/07\\\/bg_contacto_v2.jpg\",\"contentUrl\":\"https:\\\/\\\/locking.es\\\/wp-content\\\/uploads\\\/2025\\\/07\\\/bg_contacto_v2.jpg\",\"width\":1600,\"height\":720},{\"@type\":\"BreadcrumbList\",\"@id\":\"https:\\\/\\\/locking.es\\\/pt-pt\\\/politica-de-cookies\\\/#breadcrumb\",\"itemListElement\":[{\"@type\":\"ListItem\",\"position\":1,\"name\":\"Portada\",\"item\":\"https:\\\/\\\/locking.es\\\/pt-pt\\\/\"},{\"@type\":\"ListItem\",\"position\":2,\"name\":\"Pol\u00edtica de cookies\"}]},{\"@type\":\"WebSite\",\"@id\":\"https:\\\/\\\/locking.es\\\/pt-pt\\\/#website\",\"url\":\"https:\\\/\\\/locking.es\\\/pt-pt\\\/\",\"name\":\"Consignas autom\u00e1ticas Maletas y Equipaje Locking\",\"description\":\"\",\"publisher\":{\"@id\":\"https:\\\/\\\/locking.es\\\/pt-pt\\\/#organization\"},\"potentialAction\":[{\"@type\":\"SearchAction\",\"target\":{\"@type\":\"EntryPoint\",\"urlTemplate\":\"https:\\\/\\\/locking.es\\\/pt-pt\\\/?s={search_term_string}\"},\"query-input\":{\"@type\":\"PropertyValueSpecification\",\"valueRequired\":true,\"valueName\":\"search_term_string\"}}],\"inLanguage\":\"pt-PT\"},{\"@type\":\"Organization\",\"@id\":\"https:\\\/\\\/locking.es\\\/pt-pt\\\/#organization\",\"name\":\"Consignas autom\u00e1ticas Maletas y Equipaje Locking\",\"url\":\"https:\\\/\\\/locking.es\\\/pt-pt\\\/\",\"logo\":{\"@type\":\"ImageObject\",\"inLanguage\":\"pt-PT\",\"@id\":\"https:\\\/\\\/locking.es\\\/pt-pt\\\/#\\\/schema\\\/logo\\\/image\\\/\",\"url\":\"https:\\\/\\\/locking.es\\\/wp-content\\\/uploads\\\/2024\\\/09\\\/logo.png\",\"contentUrl\":\"https:\\\/\\\/locking.es\\\/wp-content\\\/uploads\\\/2024\\\/09\\\/logo.png\",\"width\":239,\"height\":91,\"caption\":\"Consignas autom\u00e1ticas Maletas y Equipaje Locking\"},\"image\":{\"@id\":\"https:\\\/\\\/locking.es\\\/pt-pt\\\/#\\\/schema\\\/logo\\\/image\\\/\"}}]}<\/script>\n<!-- \/ Yoast SEO plugin. -->","yoast_head_json":{"title":"Guarde a sua bagagem ou malas em arm\u00e1rios abertos 24 horas por dia","description":"O Locking, o servi\u00e7o de guarda-volumes e bagagens mais bem avaliado pelos clientes no Google, oferece todas as informa\u00e7\u00f5es sobre cookies no seu site. Descubra o guarda-volumes onde guardar malas ou bagagens \u00e9 seguro, f\u00e1cil e acess\u00edvel. Reserve online em 3 passos e desfrute de videovigil\u00e2ncia 24 h.","robots":{"index":"index","follow":"follow","max-snippet":"max-snippet:-1","max-image-preview":"max-image-preview:large","max-video-preview":"max-video-preview:-1"},"canonical":"https:\/\/locking.es\/pt-pt\/politica-de-cookies\/","og_locale":"pt_PT","og_type":"article","og_title":"Guarde a sua bagagem ou malas em arm\u00e1rios abertos 24 horas por dia","og_description":"O Locking, o servi\u00e7o de guarda-volumes e bagagens mais bem avaliado pelos clientes no Google, oferece todas as informa\u00e7\u00f5es sobre cookies no seu site. Descubra o guarda-volumes onde guardar malas ou bagagens \u00e9 seguro, f\u00e1cil e acess\u00edvel. Reserve online em 3 passos e desfrute de videovigil\u00e2ncia 24 h.","og_url":"https:\/\/locking.es\/pt-pt\/politica-de-cookies\/","og_site_name":"Consignas autom\u00e1ticas Maletas y Equipaje Locking","article_modified_time":"2025-08-13T09:42:16+00:00","og_image":[{"width":1600,"height":720,"url":"https:\/\/locking.es\/wp-content\/uploads\/2025\/07\/bg_contacto_v2.jpg","type":"image\/jpeg"}],"twitter_card":"summary_large_image","twitter_misc":{"Tempo estimado de leitura":"3 minutos"},"schema":{"@context":"https:\/\/schema.org","@graph":[{"@type":"WebPage","@id":"https:\/\/locking.es\/pt-pt\/politica-de-cookies\/","url":"https:\/\/locking.es\/pt-pt\/politica-de-cookies\/","name":"Guarde a sua bagagem ou malas em arm\u00e1rios abertos 24 horas por dia","isPartOf":{"@id":"https:\/\/locking.es\/pt-pt\/#website"},"primaryImageOfPage":{"@id":"https:\/\/locking.es\/pt-pt\/politica-de-cookies\/#primaryimage"},"image":{"@id":"https:\/\/locking.es\/pt-pt\/politica-de-cookies\/#primaryimage"},"thumbnailUrl":"https:\/\/locking.es\/wp-content\/uploads\/2025\/07\/bg_contacto_v2.jpg","datePublished":"2025-07-15T08:44:11+00:00","dateModified":"2025-08-13T09:42:16+00:00","description":"O Locking, o servi\u00e7o de guarda-volumes e bagagens mais bem avaliado pelos clientes no Google, oferece todas as informa\u00e7\u00f5es sobre cookies no seu site. Descubra o guarda-volumes onde guardar malas ou bagagens \u00e9 seguro, f\u00e1cil e acess\u00edvel. Reserve online em 3 passos e desfrute de videovigil\u00e2ncia 24 h.","breadcrumb":{"@id":"https:\/\/locking.es\/pt-pt\/politica-de-cookies\/#breadcrumb"},"inLanguage":"pt-PT","potentialAction":[{"@type":"ReadAction","target":["https:\/\/locking.es\/pt-pt\/politica-de-cookies\/"]}]},{"@type":"ImageObject","inLanguage":"pt-PT","@id":"https:\/\/locking.es\/pt-pt\/politica-de-cookies\/#primaryimage","url":"https:\/\/locking.es\/wp-content\/uploads\/2025\/07\/bg_contacto_v2.jpg","contentUrl":"https:\/\/locking.es\/wp-content\/uploads\/2025\/07\/bg_contacto_v2.jpg","width":1600,"height":720},{"@type":"BreadcrumbList","@id":"https:\/\/locking.es\/pt-pt\/politica-de-cookies\/#breadcrumb","itemListElement":[{"@type":"ListItem","position":1,"name":"Portada","item":"https:\/\/locking.es\/pt-pt\/"},{"@type":"ListItem","position":2,"name":"Pol\u00edtica de cookies"}]},{"@type":"WebSite","@id":"https:\/\/locking.es\/pt-pt\/#website","url":"https:\/\/locking.es\/pt-pt\/","name":"Consignas autom\u00e1ticas Maletas y Equipaje Locking","description":"","publisher":{"@id":"https:\/\/locking.es\/pt-pt\/#organization"},"potentialAction":[{"@type":"SearchAction","target":{"@type":"EntryPoint","urlTemplate":"https:\/\/locking.es\/pt-pt\/?s={search_term_string}"},"query-input":{"@type":"PropertyValueSpecification","valueRequired":true,"valueName":"search_term_string"}}],"inLanguage":"pt-PT"},{"@type":"Organization","@id":"https:\/\/locking.es\/pt-pt\/#organization","name":"Consignas autom\u00e1ticas Maletas y Equipaje Locking","url":"https:\/\/locking.es\/pt-pt\/","logo":{"@type":"ImageObject","inLanguage":"pt-PT","@id":"https:\/\/locking.es\/pt-pt\/#\/schema\/logo\/image\/","url":"https:\/\/locking.es\/wp-content\/uploads\/2024\/09\/logo.png","contentUrl":"https:\/\/locking.es\/wp-content\/uploads\/2024\/09\/logo.png","width":239,"height":91,"caption":"Consignas autom\u00e1ticas Maletas y Equipaje Locking"},"image":{"@id":"https:\/\/locking.es\/pt-pt\/#\/schema\/logo\/image\/"}}]}},"_links":{"self":[{"href":"https:\/\/locking.es\/pt-pt\/wp-json\/wp\/v2\/pages\/33086","targetHints":{"allow":["GET"]}}],"collection":[{"href":"https:\/\/locking.es\/pt-pt\/wp-json\/wp\/v2\/pages"}],"about":[{"href":"https:\/\/locking.es\/pt-pt\/wp-json\/wp\/v2\/types\/page"}],"author":[{"embeddable":true,"href":"https:\/\/locking.es\/pt-pt\/wp-json\/wp\/v2\/users\/1"}],"replies":[{"embeddable":true,"href":"https:\/\/locking.es\/pt-pt\/wp-json\/wp\/v2\/comments?post=33086"}],"version-history":[{"count":2,"href":"https:\/\/locking.es\/pt-pt\/wp-json\/wp\/v2\/pages\/33086\/revisions"}],"predecessor-version":[{"id":33648,"href":"https:\/\/locking.es\/pt-pt\/wp-json\/wp\/v2\/pages\/33086\/revisions\/33648"}],"wp:featuredmedia":[{"embeddable":true,"href":"https:\/\/locking.es\/pt-pt\/wp-json\/wp\/v2\/media\/31153"}],"wp:attachment":[{"href":"https:\/\/locking.es\/pt-pt\/wp-json\/wp\/v2\/media?parent=33086"}],"curies":[{"name":"wp","href":"https:\/\/api.w.org\/{rel}","templated":true}]}}