{"id":33088,"date":"2025-07-04T12:01:45","date_gmt":"2025-07-04T10:01:45","guid":{"rendered":"https:\/\/locking.lander-desarrollo.es\/politica-de-privacidade\/"},"modified":"2025-08-11T14:03:25","modified_gmt":"2025-08-11T12:03:25","slug":"politica-de-privacidade","status":"publish","type":"page","link":"https:\/\/locking.es\/pt-pt\/politica-de-privacidade\/","title":{"rendered":"Pol\u00edtica De Privacidade"},"content":{"rendered":"\n<h2 class=\"wp-block-heading\">Pol\u00edtica De Privacidade<\/h2>\n\n<h3 class=\"wp-block-heading\">PROTE\u00c7\u00c3O DE DADOS<\/h3>\n\n<p>De acordo com a Lei Org\u00e2nica 3\/2018, de 5 de dezembro, de Prote\u00e7\u00e3o de Dados Pessoais e garantia dos direitos digitais (a \u201cLOPD\u201d), informamos que a Trisanio S.L., com NIF B56259542, ser\u00e1 a respons\u00e1vel pelo tratamento dos dados pessoais que fornecer no \u00e2mbito do presente Contrato.<br\/>Os dados pessoais tratados ser\u00e3o conservados enquanto a presente rela\u00e7\u00e3o contratual entre a Trisanio S.L. e o Utilizador se mantiver, e, posteriormente, ser\u00e3o mantidos, de forma bloqueada, pelo tempo necess\u00e1rio para cumprir quaisquer obriga\u00e7\u00f5es legais aplic\u00e1veis.<br\/>A base jur\u00eddica para efetuar o referido tratamento de dados \u00e9 a execu\u00e7\u00e3o e gest\u00e3o do presente contrato.<br\/>O nome e apelidos, telefone e endere\u00e7o de e-mail fornecidos pelo Utilizador ser\u00e3o cedidos \u00e0 Drop Point Systems S.L.U. para que esta possa gerir a reserva.<br\/>Se os seus dados pessoais tamb\u00e9m tiverem de ser comunicados a terceiros fornecedores, a Trisanio S.L. celebrar\u00e1 o correspondente contrato de tratamento de dados com esses fornecedores, a fim de garantir que os seus dados pessoais sejam tratados por esses terceiros em conformidade com os requisitos e garantias da LOPD.<br\/>Adicionalmente, informa-se o Utilizador que os dados que forem objeto de tratamento atrav\u00e9s da videovigil\u00e2ncia ser\u00e3o tratados para a finalidade que motivou a sua instala\u00e7\u00e3o e que est\u00e1 vinculada a garantir a seguran\u00e7a de pessoas, bens e instala\u00e7\u00f5es.<br\/>As referidas grava\u00e7\u00f5es ser\u00e3o incorporadas em ficheiros propriedade da Trisanio S.L. ou de terceiros autorizados para fins de seguran\u00e7a e durante o tempo legalmente estabelecido e apenas ser\u00e3o cedidos \u00e0s autoridades competentes (Ju\u00edzes, Tribunais ou For\u00e7as e Corpos de Seguran\u00e7a) em caso de solicita\u00e7\u00e3o ou para a defesa dos direitos da Trisanio S.L. ou dos Utilizadores.<br\/>O Utilizador poder\u00e1 exercer os seguintes direitos relacionados com os seus dados pessoais: Acesso; Retifica\u00e7\u00e3o; Elimina\u00e7\u00e3o; Limita\u00e7\u00e3o do tratamento; Portabilidade dos dados e Oposi\u00e7\u00e3o.<br\/>Para o exerc\u00edcio de tais direitos, pode enviar uma comunica\u00e7\u00e3o escrita \u00e0 Trisanio S.L., Calle Eugenia de Montijo, 76, ou para o seguinte endere\u00e7o de e-mail: admin@locking.es.<br\/>O Utilizador tem o direito de apresentar uma reclama\u00e7\u00e3o junto \u00e0 Ag\u00eancia Espanhola de Prote\u00e7\u00e3o de Dados, se assim o considerar oportuno.<\/p>\n\n<h3 class=\"wp-block-heading\">JURISDI\u00c7\u00c3O E LEI APLIC\u00c1VEL<\/h3>\n\n<p>No caso de surgir qualquer conflito ou discrep\u00e2ncia na interpreta\u00e7\u00e3o ou aplica\u00e7\u00e3o das presentes condi\u00e7\u00f5es contratuais, os Tribunais que, eventualmente, conhecer\u00e3o do assunto, ser\u00e3o os que a regulamenta\u00e7\u00e3o legal aplic\u00e1vel em mat\u00e9ria de jurisdi\u00e7\u00e3o competente determinar, tendo em conta, tratando-se de consumidores finais, o local de cumprimento da obriga\u00e7\u00e3o ou o domic\u00edlio da parte compradora.<br\/>Tudo isto sem preju\u00edzo da faculdade do Cliente de recorrer ao Conselho Arbitral de Consumo da sua demarca\u00e7\u00e3o.<br\/>No caso de se tratar de uma compra e venda realizada por uma empresa, ambas as partes submetem-se \u00e0 lei espanhola e, com ren\u00fancia expressa a qualquer outro foro, aos Tribunais de Madrid (Espanha).<\/p>\n\n<p><\/p>\n","protected":false},"excerpt":{"rendered":"<p>Pol\u00edtica De Privacidade PROTE\u00c7\u00c3O DE DADOS De acordo com a Lei Org\u00e2nica 3\/2018, de 5 de dezembro, de Prote\u00e7\u00e3o de Dados Pessoais e garantia dos direitos digitais (a \u201cLOPD\u201d), informamos que a Trisanio S.L., com NIF B56259542, ser\u00e1 a respons\u00e1vel pelo tratamento dos dados pessoais que fornecer no \u00e2mbito do presente Contrato.Os dados pessoais tratados [&hellip;]<\/p>\n","protected":false},"author":1,"featured_media":31153,"parent":0,"menu_order":0,"comment_status":"closed","ping_status":"open","template":"","meta":{"footnotes":""},"class_list":["post-33088","page","type-page","status-publish","has-post-thumbnail","hentry"],"yoast_head":"<!-- This site is optimized with the Yoast SEO plugin v27.3 - https:\/\/yoast.com\/product\/yoast-seo-wordpress\/ -->\n<title>Arm\u00e1rios em Madrid e San Sebasti\u00e1n - Pol\u00edtica de Privacidade<\/title>\n<meta name=\"description\" content=\"Locking \u00e9 a marca gerida pela Trisanio S.L., que oferece a solu\u00e7\u00e3o ideal em cacifos autom\u00e1ticos para guardar malas e bagagens em Madrid ou San Sebasti\u00e1n, com o servi\u00e7o mais bem avaliado no Google e privacidade garantida para os seus clientes. N\u00famero de identifica\u00e7\u00e3o fiscal B56259542, info@locking.es\" \/>\n<meta name=\"robots\" content=\"index, follow, max-snippet:-1, max-image-preview:large, max-video-preview:-1\" \/>\n<link rel=\"canonical\" href=\"https:\/\/locking.es\/pt-pt\/politica-de-privacidade\/\" \/>\n<meta property=\"og:locale\" content=\"pt_PT\" \/>\n<meta property=\"og:type\" content=\"article\" \/>\n<meta property=\"og:title\" content=\"Arm\u00e1rios em Madrid e San Sebasti\u00e1n - Pol\u00edtica de Privacidade\" \/>\n<meta property=\"og:description\" content=\"Locking \u00e9 a marca gerida pela Trisanio S.L., que oferece a solu\u00e7\u00e3o ideal em cacifos autom\u00e1ticos para guardar malas e bagagens em Madrid ou San Sebasti\u00e1n, com o servi\u00e7o mais bem avaliado no Google e privacidade garantida para os seus clientes. N\u00famero de identifica\u00e7\u00e3o fiscal B56259542, info@locking.es\" \/>\n<meta property=\"og:url\" content=\"https:\/\/locking.es\/pt-pt\/politica-de-privacidade\/\" \/>\n<meta property=\"og:site_name\" content=\"Consignas autom\u00e1ticas Maletas y Equipaje Locking\" \/>\n<meta property=\"article:modified_time\" content=\"2025-08-11T12:03:25+00:00\" \/>\n<meta property=\"og:image\" content=\"https:\/\/locking.es\/wp-content\/uploads\/2025\/07\/bg_contacto_v2.jpg\" \/>\n\t<meta property=\"og:image:width\" content=\"1600\" \/>\n\t<meta property=\"og:image:height\" content=\"720\" \/>\n\t<meta property=\"og:image:type\" content=\"image\/jpeg\" \/>\n<meta name=\"twitter:card\" content=\"summary_large_image\" \/>\n<meta name=\"twitter:label1\" content=\"Tempo estimado de leitura\" \/>\n\t<meta name=\"twitter:data1\" content=\"3 minutos\" \/>\n<script type=\"application\/ld+json\" class=\"yoast-schema-graph\">{\"@context\":\"https:\\\/\\\/schema.org\",\"@graph\":[{\"@type\":\"WebPage\",\"@id\":\"https:\\\/\\\/locking.es\\\/pt-pt\\\/politica-de-privacidade\\\/\",\"url\":\"https:\\\/\\\/locking.es\\\/pt-pt\\\/politica-de-privacidade\\\/\",\"name\":\"Arm\u00e1rios em Madrid e San Sebasti\u00e1n - Pol\u00edtica de Privacidade\",\"isPartOf\":{\"@id\":\"https:\\\/\\\/locking.es\\\/pt-pt\\\/#website\"},\"primaryImageOfPage\":{\"@id\":\"https:\\\/\\\/locking.es\\\/pt-pt\\\/politica-de-privacidade\\\/#primaryimage\"},\"image\":{\"@id\":\"https:\\\/\\\/locking.es\\\/pt-pt\\\/politica-de-privacidade\\\/#primaryimage\"},\"thumbnailUrl\":\"https:\\\/\\\/locking.es\\\/wp-content\\\/uploads\\\/2025\\\/07\\\/bg_contacto_v2.jpg\",\"datePublished\":\"2025-07-04T10:01:45+00:00\",\"dateModified\":\"2025-08-11T12:03:25+00:00\",\"description\":\"Locking \u00e9 a marca gerida pela Trisanio S.L., que oferece a solu\u00e7\u00e3o ideal em cacifos autom\u00e1ticos para guardar malas e bagagens em Madrid ou San Sebasti\u00e1n, com o servi\u00e7o mais bem avaliado no Google e privacidade garantida para os seus clientes. N\u00famero de identifica\u00e7\u00e3o fiscal B56259542, info@locking.es\",\"breadcrumb\":{\"@id\":\"https:\\\/\\\/locking.es\\\/pt-pt\\\/politica-de-privacidade\\\/#breadcrumb\"},\"inLanguage\":\"pt-PT\",\"potentialAction\":[{\"@type\":\"ReadAction\",\"target\":[\"https:\\\/\\\/locking.es\\\/pt-pt\\\/politica-de-privacidade\\\/\"]}]},{\"@type\":\"ImageObject\",\"inLanguage\":\"pt-PT\",\"@id\":\"https:\\\/\\\/locking.es\\\/pt-pt\\\/politica-de-privacidade\\\/#primaryimage\",\"url\":\"https:\\\/\\\/locking.es\\\/wp-content\\\/uploads\\\/2025\\\/07\\\/bg_contacto_v2.jpg\",\"contentUrl\":\"https:\\\/\\\/locking.es\\\/wp-content\\\/uploads\\\/2025\\\/07\\\/bg_contacto_v2.jpg\",\"width\":1600,\"height\":720},{\"@type\":\"BreadcrumbList\",\"@id\":\"https:\\\/\\\/locking.es\\\/pt-pt\\\/politica-de-privacidade\\\/#breadcrumb\",\"itemListElement\":[{\"@type\":\"ListItem\",\"position\":1,\"name\":\"Portada\",\"item\":\"https:\\\/\\\/locking.es\\\/pt-pt\\\/\"},{\"@type\":\"ListItem\",\"position\":2,\"name\":\"Pol\u00edtica De Privacidade\"}]},{\"@type\":\"WebSite\",\"@id\":\"https:\\\/\\\/locking.es\\\/pt-pt\\\/#website\",\"url\":\"https:\\\/\\\/locking.es\\\/pt-pt\\\/\",\"name\":\"Consignas autom\u00e1ticas Maletas y Equipaje Locking\",\"description\":\"\",\"publisher\":{\"@id\":\"https:\\\/\\\/locking.es\\\/pt-pt\\\/#organization\"},\"potentialAction\":[{\"@type\":\"SearchAction\",\"target\":{\"@type\":\"EntryPoint\",\"urlTemplate\":\"https:\\\/\\\/locking.es\\\/pt-pt\\\/?s={search_term_string}\"},\"query-input\":{\"@type\":\"PropertyValueSpecification\",\"valueRequired\":true,\"valueName\":\"search_term_string\"}}],\"inLanguage\":\"pt-PT\"},{\"@type\":\"Organization\",\"@id\":\"https:\\\/\\\/locking.es\\\/pt-pt\\\/#organization\",\"name\":\"Consignas autom\u00e1ticas Maletas y Equipaje Locking\",\"url\":\"https:\\\/\\\/locking.es\\\/pt-pt\\\/\",\"logo\":{\"@type\":\"ImageObject\",\"inLanguage\":\"pt-PT\",\"@id\":\"https:\\\/\\\/locking.es\\\/pt-pt\\\/#\\\/schema\\\/logo\\\/image\\\/\",\"url\":\"https:\\\/\\\/locking.es\\\/wp-content\\\/uploads\\\/2024\\\/09\\\/logo.png\",\"contentUrl\":\"https:\\\/\\\/locking.es\\\/wp-content\\\/uploads\\\/2024\\\/09\\\/logo.png\",\"width\":239,\"height\":91,\"caption\":\"Consignas autom\u00e1ticas Maletas y Equipaje Locking\"},\"image\":{\"@id\":\"https:\\\/\\\/locking.es\\\/pt-pt\\\/#\\\/schema\\\/logo\\\/image\\\/\"}}]}<\/script>\n<!-- \/ Yoast SEO plugin. -->","yoast_head_json":{"title":"Arm\u00e1rios em Madrid e San Sebasti\u00e1n - Pol\u00edtica de Privacidade","description":"Locking \u00e9 a marca gerida pela Trisanio S.L., que oferece a solu\u00e7\u00e3o ideal em cacifos autom\u00e1ticos para guardar malas e bagagens em Madrid ou San Sebasti\u00e1n, com o servi\u00e7o mais bem avaliado no Google e privacidade garantida para os seus clientes. N\u00famero de identifica\u00e7\u00e3o fiscal B56259542, info@locking.es","robots":{"index":"index","follow":"follow","max-snippet":"max-snippet:-1","max-image-preview":"max-image-preview:large","max-video-preview":"max-video-preview:-1"},"canonical":"https:\/\/locking.es\/pt-pt\/politica-de-privacidade\/","og_locale":"pt_PT","og_type":"article","og_title":"Arm\u00e1rios em Madrid e San Sebasti\u00e1n - Pol\u00edtica de Privacidade","og_description":"Locking \u00e9 a marca gerida pela Trisanio S.L., que oferece a solu\u00e7\u00e3o ideal em cacifos autom\u00e1ticos para guardar malas e bagagens em Madrid ou San Sebasti\u00e1n, com o servi\u00e7o mais bem avaliado no Google e privacidade garantida para os seus clientes. N\u00famero de identifica\u00e7\u00e3o fiscal B56259542, info@locking.es","og_url":"https:\/\/locking.es\/pt-pt\/politica-de-privacidade\/","og_site_name":"Consignas autom\u00e1ticas Maletas y Equipaje Locking","article_modified_time":"2025-08-11T12:03:25+00:00","og_image":[{"width":1600,"height":720,"url":"https:\/\/locking.es\/wp-content\/uploads\/2025\/07\/bg_contacto_v2.jpg","type":"image\/jpeg"}],"twitter_card":"summary_large_image","twitter_misc":{"Tempo estimado de leitura":"3 minutos"},"schema":{"@context":"https:\/\/schema.org","@graph":[{"@type":"WebPage","@id":"https:\/\/locking.es\/pt-pt\/politica-de-privacidade\/","url":"https:\/\/locking.es\/pt-pt\/politica-de-privacidade\/","name":"Arm\u00e1rios em Madrid e San Sebasti\u00e1n - Pol\u00edtica de Privacidade","isPartOf":{"@id":"https:\/\/locking.es\/pt-pt\/#website"},"primaryImageOfPage":{"@id":"https:\/\/locking.es\/pt-pt\/politica-de-privacidade\/#primaryimage"},"image":{"@id":"https:\/\/locking.es\/pt-pt\/politica-de-privacidade\/#primaryimage"},"thumbnailUrl":"https:\/\/locking.es\/wp-content\/uploads\/2025\/07\/bg_contacto_v2.jpg","datePublished":"2025-07-04T10:01:45+00:00","dateModified":"2025-08-11T12:03:25+00:00","description":"Locking \u00e9 a marca gerida pela Trisanio S.L., que oferece a solu\u00e7\u00e3o ideal em cacifos autom\u00e1ticos para guardar malas e bagagens em Madrid ou San Sebasti\u00e1n, com o servi\u00e7o mais bem avaliado no Google e privacidade garantida para os seus clientes. N\u00famero de identifica\u00e7\u00e3o fiscal B56259542, info@locking.es","breadcrumb":{"@id":"https:\/\/locking.es\/pt-pt\/politica-de-privacidade\/#breadcrumb"},"inLanguage":"pt-PT","potentialAction":[{"@type":"ReadAction","target":["https:\/\/locking.es\/pt-pt\/politica-de-privacidade\/"]}]},{"@type":"ImageObject","inLanguage":"pt-PT","@id":"https:\/\/locking.es\/pt-pt\/politica-de-privacidade\/#primaryimage","url":"https:\/\/locking.es\/wp-content\/uploads\/2025\/07\/bg_contacto_v2.jpg","contentUrl":"https:\/\/locking.es\/wp-content\/uploads\/2025\/07\/bg_contacto_v2.jpg","width":1600,"height":720},{"@type":"BreadcrumbList","@id":"https:\/\/locking.es\/pt-pt\/politica-de-privacidade\/#breadcrumb","itemListElement":[{"@type":"ListItem","position":1,"name":"Portada","item":"https:\/\/locking.es\/pt-pt\/"},{"@type":"ListItem","position":2,"name":"Pol\u00edtica De Privacidade"}]},{"@type":"WebSite","@id":"https:\/\/locking.es\/pt-pt\/#website","url":"https:\/\/locking.es\/pt-pt\/","name":"Consignas autom\u00e1ticas Maletas y Equipaje Locking","description":"","publisher":{"@id":"https:\/\/locking.es\/pt-pt\/#organization"},"potentialAction":[{"@type":"SearchAction","target":{"@type":"EntryPoint","urlTemplate":"https:\/\/locking.es\/pt-pt\/?s={search_term_string}"},"query-input":{"@type":"PropertyValueSpecification","valueRequired":true,"valueName":"search_term_string"}}],"inLanguage":"pt-PT"},{"@type":"Organization","@id":"https:\/\/locking.es\/pt-pt\/#organization","name":"Consignas autom\u00e1ticas Maletas y Equipaje Locking","url":"https:\/\/locking.es\/pt-pt\/","logo":{"@type":"ImageObject","inLanguage":"pt-PT","@id":"https:\/\/locking.es\/pt-pt\/#\/schema\/logo\/image\/","url":"https:\/\/locking.es\/wp-content\/uploads\/2024\/09\/logo.png","contentUrl":"https:\/\/locking.es\/wp-content\/uploads\/2024\/09\/logo.png","width":239,"height":91,"caption":"Consignas autom\u00e1ticas Maletas y Equipaje Locking"},"image":{"@id":"https:\/\/locking.es\/pt-pt\/#\/schema\/logo\/image\/"}}]}},"_links":{"self":[{"href":"https:\/\/locking.es\/pt-pt\/wp-json\/wp\/v2\/pages\/33088","targetHints":{"allow":["GET"]}}],"collection":[{"href":"https:\/\/locking.es\/pt-pt\/wp-json\/wp\/v2\/pages"}],"about":[{"href":"https:\/\/locking.es\/pt-pt\/wp-json\/wp\/v2\/types\/page"}],"author":[{"embeddable":true,"href":"https:\/\/locking.es\/pt-pt\/wp-json\/wp\/v2\/users\/1"}],"replies":[{"embeddable":true,"href":"https:\/\/locking.es\/pt-pt\/wp-json\/wp\/v2\/comments?post=33088"}],"version-history":[{"count":1,"href":"https:\/\/locking.es\/pt-pt\/wp-json\/wp\/v2\/pages\/33088\/revisions"}],"predecessor-version":[{"id":33089,"href":"https:\/\/locking.es\/pt-pt\/wp-json\/wp\/v2\/pages\/33088\/revisions\/33089"}],"wp:featuredmedia":[{"embeddable":true,"href":"https:\/\/locking.es\/pt-pt\/wp-json\/wp\/v2\/media\/31153"}],"wp:attachment":[{"href":"https:\/\/locking.es\/pt-pt\/wp-json\/wp\/v2\/media?parent=33088"}],"curies":[{"name":"wp","href":"https:\/\/api.w.org\/{rel}","templated":true}]}}